{"id":717,"date":"2026-03-04T14:48:51","date_gmt":"2026-03-04T14:48:51","guid":{"rendered":"https:\/\/peaceful-morse.87-106-168-45.plesk.page\/?post_type=product&#038;p=717"},"modified":"2026-03-04T14:49:38","modified_gmt":"2026-03-04T14:49:38","slug":"tablette-meringue-vegetale-acidulee-chocolat-noir","status":"publish","type":"product","link":"https:\/\/peaceful-morse.87-106-168-45.plesk.page\/index.php\/product\/tablette-meringue-vegetale-acidulee-chocolat-noir\/","title":{"rendered":"Tablette Meringue v\u00e9g\u00e9tale acidul\u00e9e &#8211; chocolat noir"},"content":{"rendered":"<p><span data-olk-copy-source=\"MailCompose\">Inspir\u00e9 par son voyage \u00e0 Madagascar, le Chef emploie la totalit\u00e9 de la f\u00e8ve de cacao, le mucilage. En le faisant fermenter, il obtient alors une texture craquante, proche de la meringue. Apr\u00e8s plusieurs semaines de recherche et d\u00e9veloppement, il trouve la formule parfaite et l\u2019enferme dans un d\u00e9licieux chocolat noir. La Tablette Meringue v\u00e9g\u00e9tale acidul\u00e9e est n\u00e9e.<\/span><\/p>\n<p>Savourez un moment d&rsquo;exception gr\u00e2ce \u00e0 notre chocolat gastronomique.<\/p>\n<p>Une cr\u00e9ation 3 \u00e9toiles \u00e0 port\u00e9e de main.<\/p>\n<p><span data-olk-copy-source=\"MessageBody\">250\u20ac\/kg<\/span><\/p>\n","protected":false},"excerpt":{"rendered":"<p>Inspir\u00e9 par son voyage \u00e0 Madagascar, le Chef Yannick All\u00e9no emploie la totalit\u00e9 de la f\u00e8ve de cacao, le mucilage. En le faisant fermenter, il obtient alors une texture craquante, proche de la meringue.<\/p>\n","protected":false},"featured_media":748,"comment_status":"closed","ping_status":"closed","template":"","meta":{"_acf_changed":false},"product_cat":[71,72,89],"product_tag":[],"class_list":{"0":"post-717","1":"product","2":"type-product","3":"status-publish","4":"has-post-thumbnail","6":"product_cat-la-collection-dete","7":"product_cat-tablettes","8":"product_cat-tablettes-mendiants","10":"first","11":"outofstock","12":"shipping-taxable","13":"purchasable","14":"product-type-simple","swatches":"rey-swatches","show_selected":""},"acf":[],"_links":{"self":[{"href":"https:\/\/peaceful-morse.87-106-168-45.plesk.page\/index.php\/wp-json\/wp\/v2\/product\/717","targetHints":{"allow":["GET"]}}],"collection":[{"href":"https:\/\/peaceful-morse.87-106-168-45.plesk.page\/index.php\/wp-json\/wp\/v2\/product"}],"about":[{"href":"https:\/\/peaceful-morse.87-106-168-45.plesk.page\/index.php\/wp-json\/wp\/v2\/types\/product"}],"replies":[{"embeddable":true,"href":"https:\/\/peaceful-morse.87-106-168-45.plesk.page\/index.php\/wp-json\/wp\/v2\/comments?post=717"}],"wp:featuredmedia":[{"embeddable":true,"href":"https:\/\/peaceful-morse.87-106-168-45.plesk.page\/index.php\/wp-json\/wp\/v2\/media\/748"}],"wp:attachment":[{"href":"https:\/\/peaceful-morse.87-106-168-45.plesk.page\/index.php\/wp-json\/wp\/v2\/media?parent=717"}],"wp:term":[{"taxonomy":"product_cat","embeddable":true,"href":"https:\/\/peaceful-morse.87-106-168-45.plesk.page\/index.php\/wp-json\/wp\/v2\/product_cat?post=717"},{"taxonomy":"product_tag","embeddable":true,"href":"https:\/\/peaceful-morse.87-106-168-45.plesk.page\/index.php\/wp-json\/wp\/v2\/product_tag?post=717"}],"curies":[{"name":"wp","href":"https:\/\/api.w.org\/{rel}","templated":true}]}}