{"id":670,"date":"2026-03-04T14:48:05","date_gmt":"2026-03-04T14:48:05","guid":{"rendered":"https:\/\/peaceful-morse.87-106-168-45.plesk.page\/?post_type=product&#038;p=670"},"modified":"2026-03-04T14:48:53","modified_gmt":"2026-03-04T14:48:53","slug":"coffret-de-10-pralines","status":"publish","type":"product","link":"https:\/\/peaceful-morse.87-106-168-45.plesk.page\/index.php\/product\/coffret-de-10-pralines\/","title":{"rendered":"Coffret de 10 Pralin\u00e9s"},"content":{"rendered":"<p>En bouche, la d\u00e9gustation se fait gourmande et g\u00e9n\u00e9reuse, relev\u00e9e d\u2019une pointe de sel. Sabl\u00e9s \u00e0 l\u2019extrait d&rsquo;\u00e9corce de bouleau, les fruits secs acqui\u00e8rent une sucrosit\u00e9 naturelle.<br \/>\nVivez un moment extraordinaire gr\u00e2ce \u00e0 notre chocolat gastronomique, gourmand.<\/p>\n<p>Un moment 3 \u00e9toiles, \u00e0 port\u00e9e de main.<\/p>\n","protected":false},"excerpt":{"rendered":"<p>Travaill\u00e9s avec l\u2019eau de bouleau, les pralin\u00e9s pr\u00e9sentent un craquant unique et subtil. Ils se d\u00e9clinent sous la forme de cinq cr\u00e9ations : amande brute, noisettes et \u00e9clats de sabl\u00e9s bretons, graines de lin, noix de p\u00e9can et riz souffl\u00e9.<\/p>\n<p>\u00ab\u00a0Un incontournable de la maison, son go\u00fbt et sa texture s\u00e9duisent toujours plus gourmets et gourmands.\u00a0\u00bb<\/p>\n","protected":false},"featured_media":720,"comment_status":"closed","ping_status":"closed","template":"","meta":{"_acf_changed":false},"product_cat":[87,56,88],"product_tag":[],"class_list":{"0":"post-670","1":"product","2":"type-product","3":"status-publish","4":"has-post-thumbnail","6":"product_cat-lart-du-praline","7":"product_cat-les-coffrets-de-chocolat","8":"product_cat-pralines","10":"first","11":"instock","12":"shipping-taxable","13":"purchasable","14":"product-type-simple","swatches":"rey-swatches","show_selected":""},"acf":[],"_links":{"self":[{"href":"https:\/\/peaceful-morse.87-106-168-45.plesk.page\/index.php\/wp-json\/wp\/v2\/product\/670","targetHints":{"allow":["GET"]}}],"collection":[{"href":"https:\/\/peaceful-morse.87-106-168-45.plesk.page\/index.php\/wp-json\/wp\/v2\/product"}],"about":[{"href":"https:\/\/peaceful-morse.87-106-168-45.plesk.page\/index.php\/wp-json\/wp\/v2\/types\/product"}],"replies":[{"embeddable":true,"href":"https:\/\/peaceful-morse.87-106-168-45.plesk.page\/index.php\/wp-json\/wp\/v2\/comments?post=670"}],"wp:featuredmedia":[{"embeddable":true,"href":"https:\/\/peaceful-morse.87-106-168-45.plesk.page\/index.php\/wp-json\/wp\/v2\/media\/720"}],"wp:attachment":[{"href":"https:\/\/peaceful-morse.87-106-168-45.plesk.page\/index.php\/wp-json\/wp\/v2\/media?parent=670"}],"wp:term":[{"taxonomy":"product_cat","embeddable":true,"href":"https:\/\/peaceful-morse.87-106-168-45.plesk.page\/index.php\/wp-json\/wp\/v2\/product_cat?post=670"},{"taxonomy":"product_tag","embeddable":true,"href":"https:\/\/peaceful-morse.87-106-168-45.plesk.page\/index.php\/wp-json\/wp\/v2\/product_tag?post=670"}],"curies":[{"name":"wp","href":"https:\/\/api.w.org\/{rel}","templated":true}]}}