{"id":649,"date":"2026-03-04T14:47:22","date_gmt":"2026-03-04T14:47:22","guid":{"rendered":"https:\/\/peaceful-morse.87-106-168-45.plesk.page\/?post_type=product&#038;p=649"},"modified":"2026-03-04T14:49:15","modified_gmt":"2026-03-04T14:49:15","slug":"tablette-noisettes-foisonnees-chocolat-noir","status":"publish","type":"product","link":"https:\/\/peaceful-morse.87-106-168-45.plesk.page\/index.php\/product\/tablette-noisettes-foisonnees-chocolat-noir\/","title":{"rendered":"Tablette Noisettes foisonn\u00e9es &#8211; chocolat noir"},"content":{"rendered":"<p>Dans cette tablette chocolat noir Cara\u00efbes 66%, aux notes am\u00e8res intenses et aux accents bois\u00e9s et de fruits secs grill\u00e9s, les noisettes sont sabl\u00e9es \u00e0 l\u2019extrait d&rsquo;\u00e9corce de bouleau, vertueux pour la sant\u00e9.<\/p>\n<p>Savourez un moment d&rsquo;exception gr\u00e2ce \u00e0 notre chocolat gastronomique.<\/p>\n<p>Une cr\u00e9ation 3 \u00e9toiles \u00e0 port\u00e9e de main.<\/p>\n","protected":false},"excerpt":{"rendered":"<p>Cette tablette chocolat noir d\u00e9voile des accents bois\u00e9s et des notes am\u00e8res associ\u00e9es \u00e0 la douceur des noisettes du Pi\u00e9mont, pour un parfait \u00e9quilibre en bouche.<\/p>\n<p>\u00ab\u00a0C&rsquo;est comme gagner au casino, c&rsquo;est un plaisir euphorique. C&rsquo;est la sobri\u00e9t\u00e9 \u00e9nerg\u00e9tique. Elle n&rsquo;a besoin de rien prouver \u00e0 personne, simplicit\u00e9 \u00e9l\u00e9gante.\u00a0\u00bb<\/p>\n","protected":false},"featured_media":732,"comment_status":"closed","ping_status":"closed","template":"","meta":{"_acf_changed":false},"product_cat":[72,82],"product_tag":[],"class_list":{"0":"post-649","1":"product","2":"type-product","3":"status-publish","4":"has-post-thumbnail","6":"product_cat-tablettes","7":"product_cat-tablettes-gourmandes","9":"first","10":"outofstock","11":"shipping-taxable","12":"purchasable","13":"product-type-simple","swatches":"rey-swatches","show_selected":""},"acf":[],"_links":{"self":[{"href":"https:\/\/peaceful-morse.87-106-168-45.plesk.page\/index.php\/wp-json\/wp\/v2\/product\/649","targetHints":{"allow":["GET"]}}],"collection":[{"href":"https:\/\/peaceful-morse.87-106-168-45.plesk.page\/index.php\/wp-json\/wp\/v2\/product"}],"about":[{"href":"https:\/\/peaceful-morse.87-106-168-45.plesk.page\/index.php\/wp-json\/wp\/v2\/types\/product"}],"replies":[{"embeddable":true,"href":"https:\/\/peaceful-morse.87-106-168-45.plesk.page\/index.php\/wp-json\/wp\/v2\/comments?post=649"}],"wp:featuredmedia":[{"embeddable":true,"href":"https:\/\/peaceful-morse.87-106-168-45.plesk.page\/index.php\/wp-json\/wp\/v2\/media\/732"}],"wp:attachment":[{"href":"https:\/\/peaceful-morse.87-106-168-45.plesk.page\/index.php\/wp-json\/wp\/v2\/media?parent=649"}],"wp:term":[{"taxonomy":"product_cat","embeddable":true,"href":"https:\/\/peaceful-morse.87-106-168-45.plesk.page\/index.php\/wp-json\/wp\/v2\/product_cat?post=649"},{"taxonomy":"product_tag","embeddable":true,"href":"https:\/\/peaceful-morse.87-106-168-45.plesk.page\/index.php\/wp-json\/wp\/v2\/product_tag?post=649"}],"curies":[{"name":"wp","href":"https:\/\/api.w.org\/{rel}","templated":true}]}}