{"id":611,"date":"2026-03-04T14:46:22","date_gmt":"2026-03-04T14:46:22","guid":{"rendered":"https:\/\/peaceful-morse.87-106-168-45.plesk.page\/?post_type=product&#038;p=611"},"modified":"2026-03-04T14:48:07","modified_gmt":"2026-03-04T14:48:07","slug":"confit-de-clementine","status":"publish","type":"product","link":"https:\/\/peaceful-morse.87-106-168-45.plesk.page\/index.php\/product\/confit-de-clementine\/","title":{"rendered":"Confit de cl\u00e9mentine"},"content":{"rendered":"<p>A travers la Confiserie moderne, Aur\u00e9lien Rivoire invente le confit de fruit sans sucre. Il est travaill\u00e9 m\u00e9ticuleusement, \u00e0 l\u2019aide de l\u2019eau de bouleau. La concentration du jus pr\u00e9sent dans les fruits que nous confisons \u00e0 pleine maturit\u00e9 permet d\u2019obtenir une texture in\u00e9dite.<\/p>\n<p>Ingr\u00e9dients : cl\u00e9mentine, xylitol : extrait d&rsquo;eau de bouleau (E967).<\/p>\n<p>(Pour 100g) 113kcal, 479kJ, 0g mati\u00e8res grasses dont 0g acides gras satur\u00e9s, 27g glucides dont 7g sucres, 0,7g prot\u00e9ines, 0g sel.<\/p>\n","protected":false},"excerpt":{"rendered":"<p>La cl\u00e9mentine n\u00e9cessite un temps de mac\u00e9ration qui varie en fonction de l\u2019hygrom\u00e9trie et de la temp\u00e9rature ambiante, suivi d\u2019un temps de maturation bien pr\u00e9cis. Le fruit obtient ainsi une texture parfaite. L\u2019enveloppe cristalline cr\u00e9\u00e9e par l\u2019eau de bouleau apporte un fin croustillant autour de la cl\u00e9mentine. A l\u2019int\u00e9rieur, l\u2019eau de bouleau met en valeur la chair juteuse du fruit.<\/p>\n<p>Il est recommand\u00e9 de consommer ce produit sous 1 mois, et de le conserver entre 15\u00b0C et 17\u00b0C, \u00e0 l&rsquo;abri de l&rsquo;humidit\u00e9 et des odeurs.<\/em><\/p>\n","protected":false},"featured_media":672,"comment_status":"closed","ping_status":"closed","template":"","meta":{"_acf_changed":false},"product_cat":[54],"product_tag":[],"class_list":{"0":"post-611","1":"product","2":"type-product","3":"status-publish","4":"has-post-thumbnail","6":"product_cat-confits-de-fruits-nature","8":"first","9":"outofstock","10":"shipping-taxable","11":"purchasable","12":"product-type-simple","swatches":"rey-swatches","show_selected":""},"acf":[],"_links":{"self":[{"href":"https:\/\/peaceful-morse.87-106-168-45.plesk.page\/index.php\/wp-json\/wp\/v2\/product\/611","targetHints":{"allow":["GET"]}}],"collection":[{"href":"https:\/\/peaceful-morse.87-106-168-45.plesk.page\/index.php\/wp-json\/wp\/v2\/product"}],"about":[{"href":"https:\/\/peaceful-morse.87-106-168-45.plesk.page\/index.php\/wp-json\/wp\/v2\/types\/product"}],"replies":[{"embeddable":true,"href":"https:\/\/peaceful-morse.87-106-168-45.plesk.page\/index.php\/wp-json\/wp\/v2\/comments?post=611"}],"wp:featuredmedia":[{"embeddable":true,"href":"https:\/\/peaceful-morse.87-106-168-45.plesk.page\/index.php\/wp-json\/wp\/v2\/media\/672"}],"wp:attachment":[{"href":"https:\/\/peaceful-morse.87-106-168-45.plesk.page\/index.php\/wp-json\/wp\/v2\/media?parent=611"}],"wp:term":[{"taxonomy":"product_cat","embeddable":true,"href":"https:\/\/peaceful-morse.87-106-168-45.plesk.page\/index.php\/wp-json\/wp\/v2\/product_cat?post=611"},{"taxonomy":"product_tag","embeddable":true,"href":"https:\/\/peaceful-morse.87-106-168-45.plesk.page\/index.php\/wp-json\/wp\/v2\/product_tag?post=611"}],"curies":[{"name":"wp","href":"https:\/\/api.w.org\/{rel}","templated":true}]}}