{"id":567,"date":"2026-03-04T14:45:28","date_gmt":"2026-03-04T14:45:28","guid":{"rendered":"https:\/\/peaceful-morse.87-106-168-45.plesk.page\/?post_type=product&#038;p=567"},"modified":"2026-03-04T14:47:00","modified_gmt":"2026-03-04T14:47:00","slug":"trio-de-pates-a-tartiner-noisettes-en-trois-textures-3x240g","status":"publish","type":"product","link":"https:\/\/peaceful-morse.87-106-168-45.plesk.page\/index.php\/product\/trio-de-pates-a-tartiner-noisettes-en-trois-textures-3x240g\/","title":{"rendered":"Trio de P\u00e2tes \u00e0 tartiner Noisettes en Trois textures 3x240g"},"content":{"rendered":"<p>La plus croustillante : La noisette est ici un v\u00e9ritable bonbon de pralin\u00e9 : une p\u00e2te \u00e0 tartiner avec une belle mati\u00e8re, pour la d\u00e9guster tout simplement \u00e0 la petite cuill\u00e8re ! Une feuilletine d\u00e9licatement croustillante, m\u00eal\u00e9e \u00e0 un pralin\u00e9 noisettes du Pi\u00e9mont et \u00e0 un chocolat au lait 40%, le tout relev\u00e9 d\u2019une pointe de fleur de sel..<\/p>\n<p>La plus onctueuse : Dans cette p\u00e2te \u00e0 tartiner, la noisette se fait onctueuse, avec une texture lisse, id\u00e9ale pour garnir ses cr\u00eapes mais aussi pr\u00e9parer ses tartines ! Le pralin\u00e9 foisonn\u00e9 aux noisettes du Pi\u00e9mont se m\u00eale \u00e0 un chocolat noir 66% et \u00e0 un chocolat lait 40%.<\/p>\n<p>La plus craquante : Tr\u00e8s enveloppante, cette p\u00e2te \u00e0 tartiner aux noisettes contient des morceaux de chocolat d\u00e9licieusement craquants. Une gourmandise absolue !<\/p>\n<p><em>100,00\u20ac\/kg<\/em><\/p>\n","protected":false},"excerpt":{"rendered":"<p>Un trio pour d\u00e9couvrir nos p\u00e2tes \u00e0 tartiner : croustillante, onctueuse et craquante !<\/p>\n<p>\u00ab\u00a0Un produit \u00e0 d\u00e9guster n&rsquo;importe quand, pour un plaisir simple et irresistible.\u00a0\u00bb<\/p>\n","protected":false},"featured_media":628,"comment_status":"closed","ping_status":"closed","template":"","meta":{"_acf_changed":false},"product_cat":[61,68,63,64,62],"product_tag":[],"class_list":{"0":"post-567","1":"product","2":"type-product","3":"status-publish","4":"has-post-thumbnail","6":"product_cat-collection-chandeleur","7":"product_cat-gouter","8":"product_cat-pates-a-tartiner","9":"product_cat-pates-a-tartiner-collection-chandeleur","10":"product_cat-petits-plaisirs","12":"first","13":"outofstock","14":"shipping-taxable","15":"purchasable","16":"product-type-simple","swatches":"rey-swatches","show_selected":""},"acf":[],"_links":{"self":[{"href":"https:\/\/peaceful-morse.87-106-168-45.plesk.page\/index.php\/wp-json\/wp\/v2\/product\/567","targetHints":{"allow":["GET"]}}],"collection":[{"href":"https:\/\/peaceful-morse.87-106-168-45.plesk.page\/index.php\/wp-json\/wp\/v2\/product"}],"about":[{"href":"https:\/\/peaceful-morse.87-106-168-45.plesk.page\/index.php\/wp-json\/wp\/v2\/types\/product"}],"replies":[{"embeddable":true,"href":"https:\/\/peaceful-morse.87-106-168-45.plesk.page\/index.php\/wp-json\/wp\/v2\/comments?post=567"}],"wp:featuredmedia":[{"embeddable":true,"href":"https:\/\/peaceful-morse.87-106-168-45.plesk.page\/index.php\/wp-json\/wp\/v2\/media\/628"}],"wp:attachment":[{"href":"https:\/\/peaceful-morse.87-106-168-45.plesk.page\/index.php\/wp-json\/wp\/v2\/media?parent=567"}],"wp:term":[{"taxonomy":"product_cat","embeddable":true,"href":"https:\/\/peaceful-morse.87-106-168-45.plesk.page\/index.php\/wp-json\/wp\/v2\/product_cat?post=567"},{"taxonomy":"product_tag","embeddable":true,"href":"https:\/\/peaceful-morse.87-106-168-45.plesk.page\/index.php\/wp-json\/wp\/v2\/product_tag?post=567"}],"curies":[{"name":"wp","href":"https:\/\/api.w.org\/{rel}","templated":true}]}}