{"id":566,"date":"2026-03-04T14:45:28","date_gmt":"2026-03-04T14:45:28","guid":{"rendered":"https:\/\/peaceful-morse.87-106-168-45.plesk.page\/?post_type=product&#038;p=566"},"modified":"2026-03-04T14:46:56","modified_gmt":"2026-03-04T14:46:56","slug":"pate-a-tartiner-noisettes-onctueuses-240g","status":"publish","type":"product","link":"https:\/\/peaceful-morse.87-106-168-45.plesk.page\/index.php\/product\/pate-a-tartiner-noisettes-onctueuses-240g\/","title":{"rendered":"P\u00e2te \u00e0 tartiner Noisettes Onctueuses 240g"},"content":{"rendered":"<p>La plus onctueuse : Dans cette p\u00e2te \u00e0 tartiner, la noisette se fait onctueuse, avec une texture lisse, id\u00e9ale pour garnir ses cr\u00eapes mais aussi pr\u00e9parer ses tartines ! Le pralin\u00e9 foisonn\u00e9 aux noisettes du Pi\u00e9mont se m\u00eale \u00e0 un chocolat noir 66% et \u00e0 un chocolat lait 40%.<\/p>\n<p>Une cr\u00e9ation 3 \u00e9toiles \u00e0 port\u00e9e de main.<\/p>\n<p>Parfum : P\u00e2te \u00e0 tartiner onctueuse aux noisettes du Pi\u00e9mont, chocolat noir Cara\u00efbes 66%, chocolat au lait 40%, pointe de fleur de sel.<\/p>\n<p><em>100,00\u20ac\/kg<\/em><\/p>\n","protected":false},"excerpt":{"rendered":"<p>Dans cette p\u00e2te \u00e0 tartiner, la noisette se fait onctueuse, avec une texture lisse, id\u00e9ale pour garnir ses cr\u00eapes mais aussi pr\u00e9parer ses tartines !<\/p>\n<p>\u00ab\u00a0Un produit \u00e0 d\u00e9guster n&rsquo;importe quand, pour un plaisir simple et irresistible.\u00a0\u00bb<\/p>\n","protected":false},"featured_media":624,"comment_status":"closed","ping_status":"closed","template":"","meta":{"_acf_changed":false},"product_cat":[63],"product_tag":[],"class_list":{"0":"post-566","1":"product","2":"type-product","3":"status-publish","4":"has-post-thumbnail","6":"product_cat-pates-a-tartiner","8":"first","9":"outofstock","10":"shipping-taxable","11":"purchasable","12":"product-type-simple","swatches":"rey-swatches","show_selected":""},"acf":[],"_links":{"self":[{"href":"https:\/\/peaceful-morse.87-106-168-45.plesk.page\/index.php\/wp-json\/wp\/v2\/product\/566","targetHints":{"allow":["GET"]}}],"collection":[{"href":"https:\/\/peaceful-morse.87-106-168-45.plesk.page\/index.php\/wp-json\/wp\/v2\/product"}],"about":[{"href":"https:\/\/peaceful-morse.87-106-168-45.plesk.page\/index.php\/wp-json\/wp\/v2\/types\/product"}],"replies":[{"embeddable":true,"href":"https:\/\/peaceful-morse.87-106-168-45.plesk.page\/index.php\/wp-json\/wp\/v2\/comments?post=566"}],"wp:featuredmedia":[{"embeddable":true,"href":"https:\/\/peaceful-morse.87-106-168-45.plesk.page\/index.php\/wp-json\/wp\/v2\/media\/624"}],"wp:attachment":[{"href":"https:\/\/peaceful-morse.87-106-168-45.plesk.page\/index.php\/wp-json\/wp\/v2\/media?parent=566"}],"wp:term":[{"taxonomy":"product_cat","embeddable":true,"href":"https:\/\/peaceful-morse.87-106-168-45.plesk.page\/index.php\/wp-json\/wp\/v2\/product_cat?post=566"},{"taxonomy":"product_tag","embeddable":true,"href":"https:\/\/peaceful-morse.87-106-168-45.plesk.page\/index.php\/wp-json\/wp\/v2\/product_tag?post=566"}],"curies":[{"name":"wp","href":"https:\/\/api.w.org\/{rel}","templated":true}]}}