{"id":565,"date":"2026-03-04T14:45:28","date_gmt":"2026-03-04T14:45:28","guid":{"rendered":"https:\/\/peaceful-morse.87-106-168-45.plesk.page\/?post_type=product&#038;p=565"},"modified":"2026-03-04T14:46:55","modified_gmt":"2026-03-04T14:46:55","slug":"pate-a-tartiner-noisettes-croustillantes-240g","status":"publish","type":"product","link":"https:\/\/peaceful-morse.87-106-168-45.plesk.page\/index.php\/product\/pate-a-tartiner-noisettes-croustillantes-240g\/","title":{"rendered":"P\u00e2te \u00e0 tartiner Noisettes Croustillantes 240g"},"content":{"rendered":"<p>Sa texture \u00e0 la fois onctueuse et fondante offre un instant de pur d\u00e9lice.<br \/>\nD&rsquo;une irr\u00e9sistible gourmandise, il s\u00e9duira petits et grands. <\/p>\n<p>Savourez un moment d&rsquo;exception gr\u00e2ce \u00e0 notre chocolat gastronomique sans sucre. <\/p>\n<p>Une cr\u00e9ation 3 \u00e9toiles \u00e0 port\u00e9e de main.<\/p>\n","protected":false},"excerpt":{"rendered":"<p>La g\u00e9n\u00e9rosit\u00e9 de la noisette associ\u00e9e \u00e0 la douceur du chocolat. Une p\u00e2te \u00e0 tartiner irr\u00e9sistible !<\/p>\n<p>\u00ab\u00a0Un produit \u00e0 d\u00e9guster n&rsquo;importe quand, pour un plaisir simple et irresistible.\u00a0\u00bb<\/p>\n","protected":false},"featured_media":626,"comment_status":"closed","ping_status":"closed","template":"","meta":{"_acf_changed":false},"product_cat":[63],"product_tag":[],"class_list":{"0":"post-565","1":"product","2":"type-product","3":"status-publish","4":"has-post-thumbnail","6":"product_cat-pates-a-tartiner","8":"first","9":"outofstock","10":"shipping-taxable","11":"purchasable","12":"product-type-simple","swatches":"rey-swatches","show_selected":""},"acf":[],"_links":{"self":[{"href":"https:\/\/peaceful-morse.87-106-168-45.plesk.page\/index.php\/wp-json\/wp\/v2\/product\/565","targetHints":{"allow":["GET"]}}],"collection":[{"href":"https:\/\/peaceful-morse.87-106-168-45.plesk.page\/index.php\/wp-json\/wp\/v2\/product"}],"about":[{"href":"https:\/\/peaceful-morse.87-106-168-45.plesk.page\/index.php\/wp-json\/wp\/v2\/types\/product"}],"replies":[{"embeddable":true,"href":"https:\/\/peaceful-morse.87-106-168-45.plesk.page\/index.php\/wp-json\/wp\/v2\/comments?post=565"}],"wp:featuredmedia":[{"embeddable":true,"href":"https:\/\/peaceful-morse.87-106-168-45.plesk.page\/index.php\/wp-json\/wp\/v2\/media\/626"}],"wp:attachment":[{"href":"https:\/\/peaceful-morse.87-106-168-45.plesk.page\/index.php\/wp-json\/wp\/v2\/media?parent=565"}],"wp:term":[{"taxonomy":"product_cat","embeddable":true,"href":"https:\/\/peaceful-morse.87-106-168-45.plesk.page\/index.php\/wp-json\/wp\/v2\/product_cat?post=565"},{"taxonomy":"product_tag","embeddable":true,"href":"https:\/\/peaceful-morse.87-106-168-45.plesk.page\/index.php\/wp-json\/wp\/v2\/product_tag?post=565"}],"curies":[{"name":"wp","href":"https:\/\/api.w.org\/{rel}","templated":true}]}}