{"id":542,"date":"2026-03-04T14:44:54","date_gmt":"2026-03-04T14:44:54","guid":{"rendered":"https:\/\/peaceful-morse.87-106-168-45.plesk.page\/?post_type=product&#038;p=542"},"modified":"2026-03-04T14:46:24","modified_gmt":"2026-03-04T14:46:24","slug":"confit-de-pamplemousse","status":"publish","type":"product","link":"https:\/\/peaceful-morse.87-106-168-45.plesk.page\/index.php\/product\/confit-de-pamplemousse\/","title":{"rendered":"Confit de pamplemousse"},"content":{"rendered":"<p>De d\u00e9licieux pamplemousses bio, qui ont m\u00fbri dans les Pyr\u00e9n\u00e9es Orientales, \u00e0 la chair charnue et tr\u00e8s juteuse, vous ferons voyager sous le soleil du sud de la France.<\/p>\n<p>Le pamplemousse n\u00e9cessite un temps de mac\u00e9ration qui varie en fonction de l\u2019hygrom\u00e9trie et de la temp\u00e9rature ambiante, suivi d\u2019un temps de maturation bien pr\u00e9cis.<\/p>\n<p>Savourez un moment d\u2019exception gr\u00e2ce \u00e0 notre confit de pamplemousse gastronomique.<\/p>\n<p>Une cr\u00e9ation 3 \u00e9toiles \u00e0 port\u00e9e de main.<\/p>\n","protected":false},"excerpt":{"rendered":"<p>L\u2019eau de bouleau apporte une nouvelle texture au pamplemousse et l\u2019enrobe d\u2019une fine enveloppe cristalline.<\/p>\n<p>\u201cC\u2019est une amertume persistante non d\u00e9rangeante. La longueur en bouche est estim\u00e9e \u00e0 10 min, ce qui est consid\u00e9rable.\u201d<\/p>\n","protected":false},"featured_media":613,"comment_status":"closed","ping_status":"closed","template":"","meta":{"_acf_changed":false},"product_cat":[65,54,53],"product_tag":[],"class_list":{"0":"post-542","1":"product","2":"type-product","3":"status-publish","4":"has-post-thumbnail","6":"product_cat-collection-de-noel","7":"product_cat-confits-de-fruits-nature","8":"product_cat-les-confits-de-fruits","10":"first","11":"instock","12":"shipping-taxable","13":"purchasable","14":"product-type-simple","swatches":"rey-swatches","show_selected":""},"acf":[],"_links":{"self":[{"href":"https:\/\/peaceful-morse.87-106-168-45.plesk.page\/index.php\/wp-json\/wp\/v2\/product\/542","targetHints":{"allow":["GET"]}}],"collection":[{"href":"https:\/\/peaceful-morse.87-106-168-45.plesk.page\/index.php\/wp-json\/wp\/v2\/product"}],"about":[{"href":"https:\/\/peaceful-morse.87-106-168-45.plesk.page\/index.php\/wp-json\/wp\/v2\/types\/product"}],"replies":[{"embeddable":true,"href":"https:\/\/peaceful-morse.87-106-168-45.plesk.page\/index.php\/wp-json\/wp\/v2\/comments?post=542"}],"wp:featuredmedia":[{"embeddable":true,"href":"https:\/\/peaceful-morse.87-106-168-45.plesk.page\/index.php\/wp-json\/wp\/v2\/media\/613"}],"wp:attachment":[{"href":"https:\/\/peaceful-morse.87-106-168-45.plesk.page\/index.php\/wp-json\/wp\/v2\/media?parent=542"}],"wp:term":[{"taxonomy":"product_cat","embeddable":true,"href":"https:\/\/peaceful-morse.87-106-168-45.plesk.page\/index.php\/wp-json\/wp\/v2\/product_cat?post=542"},{"taxonomy":"product_tag","embeddable":true,"href":"https:\/\/peaceful-morse.87-106-168-45.plesk.page\/index.php\/wp-json\/wp\/v2\/product_tag?post=542"}],"curies":[{"name":"wp","href":"https:\/\/api.w.org\/{rel}","templated":true}]}}