{"id":541,"date":"2026-03-04T14:44:54","date_gmt":"2026-03-04T14:44:54","guid":{"rendered":"https:\/\/peaceful-morse.87-106-168-45.plesk.page\/?post_type=product&#038;p=541"},"modified":"2026-03-04T14:48:21","modified_gmt":"2026-03-04T14:48:21","slug":"tablette-terroirs-cotes-de-provence","status":"publish","type":"product","link":"https:\/\/peaceful-morse.87-106-168-45.plesk.page\/index.php\/product\/tablette-terroirs-cotes-de-provence\/","title":{"rendered":"Tablette Terroirs &#8211;  C\u00f4tes de Provence"},"content":{"rendered":"<p>Cette tablette se d\u00e9guste en accord parfait avec un ros\u00e9 pour les palais en qu\u00eate de nouvelles exp\u00e9riences gustatives. Ses saveurs surprenantes resteront en m\u00e9moire et souligneront des moments de convivialit\u00e9 uniques. Car c\u2019est avant tout une tablette de partage, dont chaque \u00e9clat r\u00e9v\u00e8le une saveur diff\u00e9rente et percutante. Un dialogue in\u00e9dit se tisse entre le ros\u00e9 et Chocolat, qui se r\u00e9pondent et s\u2019enrichissent mutuellement, pour un voyage gustatif surprenant. Une mani\u00e8re d\u00e9complex\u00e9e d\u2019aborder le chocolat contemporain, et de mettre en valeur le terroir proven\u00e7al.<\/p>\n<p>Savourez un moment d\u2019exception gr\u00e2ce \u00e0 notre chocolat gastronomique.<\/p>\n<p>Une cr\u00e9ation 3 \u00e9toiles \u00e0 port\u00e9e de main.<\/p>\n","protected":false},"excerpt":{"rendered":"<p>L&rsquo;abricot gourmand et l&rsquo;olive noire de Kalamata sal\u00e9e se m\u00ealent dans une ganache au chocolat au lait du P\u00e9rou relev\u00e9e d&rsquo;huile d&rsquo;olive. Cette plaquette se d\u00e9guste en accord parfait avec du vin ros\u00e9. Pour une exp\u00e9rience gustative audacieuse<\/p>\n<p>\u00ab La gastronomie dans une plaquette de chocolat \u00e0 d\u00e9guster aussi bien en ap\u00e9ritif qu\u2019en dessert \u00bb<\/p>\n","protected":false},"featured_media":694,"comment_status":"closed","ping_status":"closed","template":"","meta":{"_acf_changed":false},"product_cat":[72,84],"product_tag":[],"class_list":{"0":"post-541","1":"product","2":"type-product","3":"status-publish","4":"has-post-thumbnail","6":"product_cat-tablettes","7":"product_cat-tablettes-terroirs","9":"first","10":"outofstock","11":"shipping-taxable","12":"purchasable","13":"product-type-simple","swatches":"rey-swatches","show_selected":""},"acf":[],"_links":{"self":[{"href":"https:\/\/peaceful-morse.87-106-168-45.plesk.page\/index.php\/wp-json\/wp\/v2\/product\/541","targetHints":{"allow":["GET"]}}],"collection":[{"href":"https:\/\/peaceful-morse.87-106-168-45.plesk.page\/index.php\/wp-json\/wp\/v2\/product"}],"about":[{"href":"https:\/\/peaceful-morse.87-106-168-45.plesk.page\/index.php\/wp-json\/wp\/v2\/types\/product"}],"replies":[{"embeddable":true,"href":"https:\/\/peaceful-morse.87-106-168-45.plesk.page\/index.php\/wp-json\/wp\/v2\/comments?post=541"}],"wp:featuredmedia":[{"embeddable":true,"href":"https:\/\/peaceful-morse.87-106-168-45.plesk.page\/index.php\/wp-json\/wp\/v2\/media\/694"}],"wp:attachment":[{"href":"https:\/\/peaceful-morse.87-106-168-45.plesk.page\/index.php\/wp-json\/wp\/v2\/media?parent=541"}],"wp:term":[{"taxonomy":"product_cat","embeddable":true,"href":"https:\/\/peaceful-morse.87-106-168-45.plesk.page\/index.php\/wp-json\/wp\/v2\/product_cat?post=541"},{"taxonomy":"product_tag","embeddable":true,"href":"https:\/\/peaceful-morse.87-106-168-45.plesk.page\/index.php\/wp-json\/wp\/v2\/product_tag?post=541"}],"curies":[{"name":"wp","href":"https:\/\/api.w.org\/{rel}","templated":true}]}}