{"id":538,"date":"2026-03-04T14:44:54","date_gmt":"2026-03-04T14:44:54","guid":{"rendered":"https:\/\/peaceful-morse.87-106-168-45.plesk.page\/?post_type=product&#038;p=538"},"modified":"2026-03-04T14:49:19","modified_gmt":"2026-03-04T14:49:19","slug":"tablette-praline-noix-de-coco-torrefiee-chocolat-au-lait","status":"publish","type":"product","link":"https:\/\/peaceful-morse.87-106-168-45.plesk.page\/index.php\/product\/tablette-praline-noix-de-coco-torrefiee-chocolat-au-lait\/","title":{"rendered":"Tablette Pralin\u00e9 noix de coco torr\u00e9fi\u00e9e &#8211; chocolat au lait"},"content":{"rendered":"<p><span data-olk-copy-source=\"MailCompose\">Cette tablette illustre tout le savoir-faire de cuisinier de Yannick All\u00e9no. <\/span><\/p>\n<p>Savourez un moment d&rsquo;exception gr\u00e2ce \u00e0 notre chocolat gastronomique.<\/p>\n<p>Une cr\u00e9ation 3 \u00e9toiles \u00e0 port\u00e9e de main.<\/p>\n","protected":false},"excerpt":{"rendered":"<p>Une g\u00e9n\u00e9reuse garniture de noix de coco enrob\u00e9e d&rsquo;un d\u00e9licieux chocolat noir.<\/p>\n<p>\u00ab\u00a0Le pralin\u00e9 de noix de coco est une tradition de la maison. Son go\u00fbt et sa texture s\u00e9duisent les gourmands, petits et grands.\u00a0\u00bb<\/p>\n","protected":false},"featured_media":736,"comment_status":"closed","ping_status":"closed","template":"","meta":{"_acf_changed":false},"product_cat":[82],"product_tag":[],"class_list":{"0":"post-538","1":"product","2":"type-product","3":"status-publish","4":"has-post-thumbnail","6":"product_cat-tablettes-gourmandes","8":"first","9":"instock","10":"shipping-taxable","11":"purchasable","12":"product-type-simple","swatches":"rey-swatches","show_selected":""},"acf":[],"_links":{"self":[{"href":"https:\/\/peaceful-morse.87-106-168-45.plesk.page\/index.php\/wp-json\/wp\/v2\/product\/538","targetHints":{"allow":["GET"]}}],"collection":[{"href":"https:\/\/peaceful-morse.87-106-168-45.plesk.page\/index.php\/wp-json\/wp\/v2\/product"}],"about":[{"href":"https:\/\/peaceful-morse.87-106-168-45.plesk.page\/index.php\/wp-json\/wp\/v2\/types\/product"}],"replies":[{"embeddable":true,"href":"https:\/\/peaceful-morse.87-106-168-45.plesk.page\/index.php\/wp-json\/wp\/v2\/comments?post=538"}],"wp:featuredmedia":[{"embeddable":true,"href":"https:\/\/peaceful-morse.87-106-168-45.plesk.page\/index.php\/wp-json\/wp\/v2\/media\/736"}],"wp:attachment":[{"href":"https:\/\/peaceful-morse.87-106-168-45.plesk.page\/index.php\/wp-json\/wp\/v2\/media?parent=538"}],"wp:term":[{"taxonomy":"product_cat","embeddable":true,"href":"https:\/\/peaceful-morse.87-106-168-45.plesk.page\/index.php\/wp-json\/wp\/v2\/product_cat?post=538"},{"taxonomy":"product_tag","embeddable":true,"href":"https:\/\/peaceful-morse.87-106-168-45.plesk.page\/index.php\/wp-json\/wp\/v2\/product_tag?post=538"}],"curies":[{"name":"wp","href":"https:\/\/api.w.org\/{rel}","templated":true}]}}