{"id":537,"date":"2026-03-04T14:44:54","date_gmt":"2026-03-04T14:44:54","guid":{"rendered":"https:\/\/peaceful-morse.87-106-168-45.plesk.page\/?post_type=product&#038;p=537"},"modified":"2026-03-04T14:46:02","modified_gmt":"2026-03-04T14:46:02","slug":"tablette-terroirs-accord-cognac","status":"publish","type":"product","link":"https:\/\/peaceful-morse.87-106-168-45.plesk.page\/index.php\/product\/tablette-terroirs-accord-cognac\/","title":{"rendered":"Tablette Terroirs &#8211; accord Cognac"},"content":{"rendered":"<p>Cette tablette se d\u00e9guste en accord parfait avec un Cognac pour les palais en qu\u00eate de nouvelles exp\u00e9riences gustatives. Ses saveurs surprenantes resteront en m\u00e9moire et souligneront des moments de convivialit\u00e9 uniques. Car c\u2019est avant tout une tablette de partage, dont chaque \u00e9clat r\u00e9v\u00e8le une saveur diff\u00e9rente et percutante. Un dialogue in\u00e9dit se tisse entre le Cognac et le Chocolat, qui se r\u00e9pondent et s\u2019enrichissent mutuellement, pour un voyage gustatif surprenant. Une mani\u00e8re d\u00e9complex\u00e9e d\u2019aborder le chocolat contemporain, et de mettre en valeur le terroir.<\/p>\n<p>Savourez un moment d\u2019exception gr\u00e2ce \u00e0 notre chocolat gastronomique.<\/p>\n<p>Une cr\u00e9ation 3 \u00e9toiles \u00e0 port\u00e9e de main.<\/p>\n","protected":false},"excerpt":{"rendered":"<p>Compos\u00e9e d\u2019orange, de mangue, de graines de lin et d\u2019amandes, cette tablette se d\u00e9guste en accord parfait avec du Cognac. Une mani\u00e8re d\u00e9complex\u00e9e d\u2019aborder le chocolat moderne et de mettre en valeur le terroir cogna\u00e7ais pour de nouvelles d\u00e9couvertes gastronomiques.<\/p>\n<p>\u00ab\u00a0Rencontre extraordinaire avec Renaud Fillioux de Gironde qui m&rsquo;a r\u00e9v\u00e9l\u00e9 la complexit\u00e9 naturelle d&rsquo;un vieux Cognac aux notes de fruits jaunes tr\u00e8s m\u00fbrs voire confits. Nous avons donc voulu associer le chocolat au pralin de graines de lin qui apporte la texture n\u00e9cessaire afin d&rsquo;appr\u00e9cier au mieux le Cognac.\u00a0\u00bb<\/p>\n","protected":false},"featured_media":605,"comment_status":"closed","ping_status":"closed","template":"","meta":{"_acf_changed":false},"product_cat":[72,84],"product_tag":[],"class_list":{"0":"post-537","1":"product","2":"type-product","3":"status-publish","4":"has-post-thumbnail","6":"product_cat-tablettes","7":"product_cat-tablettes-terroirs","9":"first","10":"outofstock","11":"shipping-taxable","12":"purchasable","13":"product-type-simple","swatches":"rey-swatches","show_selected":""},"acf":[],"_links":{"self":[{"href":"https:\/\/peaceful-morse.87-106-168-45.plesk.page\/index.php\/wp-json\/wp\/v2\/product\/537","targetHints":{"allow":["GET"]}}],"collection":[{"href":"https:\/\/peaceful-morse.87-106-168-45.plesk.page\/index.php\/wp-json\/wp\/v2\/product"}],"about":[{"href":"https:\/\/peaceful-morse.87-106-168-45.plesk.page\/index.php\/wp-json\/wp\/v2\/types\/product"}],"replies":[{"embeddable":true,"href":"https:\/\/peaceful-morse.87-106-168-45.plesk.page\/index.php\/wp-json\/wp\/v2\/comments?post=537"}],"wp:featuredmedia":[{"embeddable":true,"href":"https:\/\/peaceful-morse.87-106-168-45.plesk.page\/index.php\/wp-json\/wp\/v2\/media\/605"}],"wp:attachment":[{"href":"https:\/\/peaceful-morse.87-106-168-45.plesk.page\/index.php\/wp-json\/wp\/v2\/media?parent=537"}],"wp:term":[{"taxonomy":"product_cat","embeddable":true,"href":"https:\/\/peaceful-morse.87-106-168-45.plesk.page\/index.php\/wp-json\/wp\/v2\/product_cat?post=537"},{"taxonomy":"product_tag","embeddable":true,"href":"https:\/\/peaceful-morse.87-106-168-45.plesk.page\/index.php\/wp-json\/wp\/v2\/product_tag?post=537"}],"curies":[{"name":"wp","href":"https:\/\/api.w.org\/{rel}","templated":true}]}}