{"id":536,"date":"2026-03-04T14:44:54","date_gmt":"2026-03-04T14:44:54","guid":{"rendered":"https:\/\/peaceful-morse.87-106-168-45.plesk.page\/?post_type=product&#038;p=536"},"modified":"2026-03-04T14:48:22","modified_gmt":"2026-03-04T14:48:22","slug":"trio-de-tablette-terroirs","status":"publish","type":"product","link":"https:\/\/peaceful-morse.87-106-168-45.plesk.page\/index.php\/product\/trio-de-tablette-terroirs\/","title":{"rendered":"Trio de Tablette Terroirs"},"content":{"rendered":"<p><span data-olk-copy-source=\"MailCompose\">Ces tablettes se d\u00e9gustent en accord parfait avec un vin en particulier, ou un spiritueux pour les palais en qu\u00eate de nouvelles exp\u00e9riences gustatives. Ses saveurs surprenantes resteront en m\u00e9moire et souligneront des moments de convivialit\u00e9 uniques. Car c\u2019est avant tout des tablettes de partage, dont chaque \u00e9clat r\u00e9v\u00e8le une saveur diff\u00e9rente et percutante. Un dialogue in\u00e9dit se tisse entre vins et sprirtueux et le chocolat, qui se r\u00e9pondent et s\u2019enrichissent mutuellement, pour un voyage gustatif surprenant. Une mani\u00e8re d\u00e9complex\u00e9e d\u2019aborder le chocolat contemporain. <\/span><\/p>\n<p><span data-olk-copy-source=\"MailCompose\">Savourez un moment d\u2019exception gr\u00e2ce \u00e0 notre chocolat gastronomique. <\/span><\/p>\n<p><span data-olk-copy-source=\"MailCompose\">Une cr\u00e9ation 3 \u00e9toiles \u00e0 port\u00e9e de main.<\/span><\/p>\n","protected":false},"excerpt":{"rendered":"<p>Les Tablettes Terroirs expriment toute l&rsquo;audace et la cr\u00e9ativit\u00e9 de Yannick All\u00e9no.<br \/>\nChaque tablette a \u00e9t\u00e9 pens\u00e9e en accord parfait avec un vin ou un spiritueux.<\/p>\n","protected":false},"featured_media":695,"comment_status":"closed","ping_status":"closed","template":"","meta":{"_acf_changed":false},"product_cat":[72,84],"product_tag":[],"class_list":{"0":"post-536","1":"product","2":"type-product","3":"status-publish","4":"has-post-thumbnail","6":"product_cat-tablettes","7":"product_cat-tablettes-terroirs","9":"first","10":"outofstock","11":"shipping-taxable","12":"purchasable","13":"product-type-simple","swatches":"rey-swatches","show_selected":""},"acf":[],"_links":{"self":[{"href":"https:\/\/peaceful-morse.87-106-168-45.plesk.page\/index.php\/wp-json\/wp\/v2\/product\/536","targetHints":{"allow":["GET"]}}],"collection":[{"href":"https:\/\/peaceful-morse.87-106-168-45.plesk.page\/index.php\/wp-json\/wp\/v2\/product"}],"about":[{"href":"https:\/\/peaceful-morse.87-106-168-45.plesk.page\/index.php\/wp-json\/wp\/v2\/types\/product"}],"replies":[{"embeddable":true,"href":"https:\/\/peaceful-morse.87-106-168-45.plesk.page\/index.php\/wp-json\/wp\/v2\/comments?post=536"}],"wp:featuredmedia":[{"embeddable":true,"href":"https:\/\/peaceful-morse.87-106-168-45.plesk.page\/index.php\/wp-json\/wp\/v2\/media\/695"}],"wp:attachment":[{"href":"https:\/\/peaceful-morse.87-106-168-45.plesk.page\/index.php\/wp-json\/wp\/v2\/media?parent=536"}],"wp:term":[{"taxonomy":"product_cat","embeddable":true,"href":"https:\/\/peaceful-morse.87-106-168-45.plesk.page\/index.php\/wp-json\/wp\/v2\/product_cat?post=536"},{"taxonomy":"product_tag","embeddable":true,"href":"https:\/\/peaceful-morse.87-106-168-45.plesk.page\/index.php\/wp-json\/wp\/v2\/product_tag?post=536"}],"curies":[{"name":"wp","href":"https:\/\/api.w.org\/{rel}","templated":true}]}}