{"id":535,"date":"2026-03-04T14:44:53","date_gmt":"2026-03-04T14:44:53","guid":{"rendered":"https:\/\/peaceful-morse.87-106-168-45.plesk.page\/?post_type=product&#038;p=535"},"modified":"2026-03-04T14:46:00","modified_gmt":"2026-03-04T14:46:00","slug":"tablette-terroirs-accord-saint-emilion","status":"publish","type":"product","link":"https:\/\/peaceful-morse.87-106-168-45.plesk.page\/index.php\/product\/tablette-terroirs-accord-saint-emilion\/","title":{"rendered":"Tablette Terroirs &#8211; accord Saint-Emilion"},"content":{"rendered":"<p>Cette tablette se d\u00e9guste en accord parfait avec un Saint-Emilion pour les palais en qu\u00eate de nouvelles exp\u00e9riences gustatives. Ses saveurs surprenantes resteront en m\u00e9moire et souligneront des moments de convivialit\u00e9 uniques. Car c\u2019est avant tout une tablette de partage, dont chaque \u00e9clat r\u00e9v\u00e8le une saveur diff\u00e9rente et percutante. Un dialogue in\u00e9dit se tisse entre le Saint-Emilion et le Chocolat, qui se r\u00e9pondent et s\u2019enrichissent mutuellement, pour un voyage gustatif surprenant. Une mani\u00e8re d\u00e9complex\u00e9e d\u2019aborder le chocolat contemporain, et de mettre en valeur le terroir bordelais.<\/p>\n<p>Savourez un moment d\u2019exception gr\u00e2ce \u00e0 notre chocolat gastronomique.<\/p>\n<p>Une cr\u00e9ation 3 \u00e9toiles \u00e0 port\u00e9e de main.<\/p>\n","protected":false},"excerpt":{"rendered":"<p>Dans un chocolat Equateur 55%, la Plaquette Saint-Emilion se garnit d&rsquo;une cr\u00e8me tendre \u00e0 la vanille br\u00fbl\u00e9e, d&rsquo;un miel de champignon et d&rsquo;un croustillant vanille.<br \/>\nA d\u00e9guster en accord parfait avec un Saint-Emilion : le caract\u00e8re de la vanille brul\u00e9e r\u00e9pond aux tanins du vin, avant de s&rsquo;adoucir au contact du miel de champignon.<\/p>\n","protected":false},"featured_media":603,"comment_status":"closed","ping_status":"closed","template":"","meta":{"_acf_changed":false},"product_cat":[72,84],"product_tag":[],"class_list":{"0":"post-535","1":"product","2":"type-product","3":"status-publish","4":"has-post-thumbnail","6":"product_cat-tablettes","7":"product_cat-tablettes-terroirs","9":"first","10":"instock","11":"shipping-taxable","12":"purchasable","13":"product-type-simple","swatches":"rey-swatches","show_selected":""},"acf":[],"_links":{"self":[{"href":"https:\/\/peaceful-morse.87-106-168-45.plesk.page\/index.php\/wp-json\/wp\/v2\/product\/535","targetHints":{"allow":["GET"]}}],"collection":[{"href":"https:\/\/peaceful-morse.87-106-168-45.plesk.page\/index.php\/wp-json\/wp\/v2\/product"}],"about":[{"href":"https:\/\/peaceful-morse.87-106-168-45.plesk.page\/index.php\/wp-json\/wp\/v2\/types\/product"}],"replies":[{"embeddable":true,"href":"https:\/\/peaceful-morse.87-106-168-45.plesk.page\/index.php\/wp-json\/wp\/v2\/comments?post=535"}],"wp:featuredmedia":[{"embeddable":true,"href":"https:\/\/peaceful-morse.87-106-168-45.plesk.page\/index.php\/wp-json\/wp\/v2\/media\/603"}],"wp:attachment":[{"href":"https:\/\/peaceful-morse.87-106-168-45.plesk.page\/index.php\/wp-json\/wp\/v2\/media?parent=535"}],"wp:term":[{"taxonomy":"product_cat","embeddable":true,"href":"https:\/\/peaceful-morse.87-106-168-45.plesk.page\/index.php\/wp-json\/wp\/v2\/product_cat?post=535"},{"taxonomy":"product_tag","embeddable":true,"href":"https:\/\/peaceful-morse.87-106-168-45.plesk.page\/index.php\/wp-json\/wp\/v2\/product_tag?post=535"}],"curies":[{"name":"wp","href":"https:\/\/api.w.org\/{rel}","templated":true}]}}