{"id":508,"date":"2026-03-04T14:44:29","date_gmt":"2026-03-04T14:44:29","guid":{"rendered":"https:\/\/peaceful-morse.87-106-168-45.plesk.page\/?post_type=product&#038;p=508"},"modified":"2026-03-04T14:49:49","modified_gmt":"2026-03-04T14:49:49","slug":"trio-de-tablettes-mendiants","status":"publish","type":"product","link":"https:\/\/peaceful-morse.87-106-168-45.plesk.page\/index.php\/product\/trio-de-tablettes-mendiants\/","title":{"rendered":"Trio de Tablettes Mendiants"},"content":{"rendered":"<p><span data-olk-copy-source=\"MailCompose\">Les trois tablettes illustrent tout le savoir-faire de cuisinier du Chef All\u00e9no.<\/span><\/p>\n<p><em>166,67\u20ac\/kg<\/em><\/p>\n","protected":false},"excerpt":{"rendered":"<p>Trois Tablettes Mendiants \u00e0 offrir ou \u00e0 s&rsquo;offrir : une Tablette Confit d&rsquo;ananas &#8211; chocolat noir, une Tablette Confit d&rsquo;orange &#8211; chocolat noir, une Tablette Meringue v\u00e9g\u00e9tale acidul\u00e9e &#8211; chocolat noir.<\/p>\n","protected":false},"featured_media":751,"comment_status":"closed","ping_status":"closed","template":"","meta":{"_acf_changed":false},"product_cat":[72,89],"product_tag":[],"class_list":{"0":"post-508","1":"product","2":"type-product","3":"status-publish","4":"has-post-thumbnail","6":"product_cat-tablettes","7":"product_cat-tablettes-mendiants","9":"first","10":"outofstock","11":"shipping-taxable","12":"purchasable","13":"product-type-simple","swatches":"rey-swatches","show_selected":""},"acf":[],"_links":{"self":[{"href":"https:\/\/peaceful-morse.87-106-168-45.plesk.page\/index.php\/wp-json\/wp\/v2\/product\/508","targetHints":{"allow":["GET"]}}],"collection":[{"href":"https:\/\/peaceful-morse.87-106-168-45.plesk.page\/index.php\/wp-json\/wp\/v2\/product"}],"about":[{"href":"https:\/\/peaceful-morse.87-106-168-45.plesk.page\/index.php\/wp-json\/wp\/v2\/types\/product"}],"replies":[{"embeddable":true,"href":"https:\/\/peaceful-morse.87-106-168-45.plesk.page\/index.php\/wp-json\/wp\/v2\/comments?post=508"}],"wp:featuredmedia":[{"embeddable":true,"href":"https:\/\/peaceful-morse.87-106-168-45.plesk.page\/index.php\/wp-json\/wp\/v2\/media\/751"}],"wp:attachment":[{"href":"https:\/\/peaceful-morse.87-106-168-45.plesk.page\/index.php\/wp-json\/wp\/v2\/media?parent=508"}],"wp:term":[{"taxonomy":"product_cat","embeddable":true,"href":"https:\/\/peaceful-morse.87-106-168-45.plesk.page\/index.php\/wp-json\/wp\/v2\/product_cat?post=508"},{"taxonomy":"product_tag","embeddable":true,"href":"https:\/\/peaceful-morse.87-106-168-45.plesk.page\/index.php\/wp-json\/wp\/v2\/product_tag?post=508"}],"curies":[{"name":"wp","href":"https:\/\/api.w.org\/{rel}","templated":true}]}}