{"id":490,"date":"2026-03-04T14:44:05","date_gmt":"2026-03-04T14:44:05","guid":{"rendered":"https:\/\/peaceful-morse.87-106-168-45.plesk.page\/?post_type=product&#038;p=490"},"modified":"2026-03-04T14:49:56","modified_gmt":"2026-03-04T14:49:56","slug":"tablette-perou-80-chocolat-noir","status":"publish","type":"product","link":"https:\/\/peaceful-morse.87-106-168-45.plesk.page\/index.php\/product\/tablette-perou-80-chocolat-noir\/","title":{"rendered":"Tablette P\u00e9rou 80% &#8211; chocolat noir"},"content":{"rendered":"<p>Cette tablette met en avant toute la puret\u00e9 du chocolat et son go\u00fbt franc. Elle sublime le travail en bean-to-bar de Nicolas Berger. Dans cette tablette, le chocolat noir est travaill\u00e9 avec l\u2019extrait d&rsquo;\u00e9corce de bouleau, ce qui lui conf\u00e8re une surprenante l\u00e9g\u00e8ret\u00e9 et une belle longueur en bouche.<\/p>\n<p>Savourez un moment d&rsquo;exception gr\u00e2ce \u00e0 notre chocolat gastronomique.<\/p>\n<p>Une cr\u00e9ation 3 \u00e9toiles \u00e0 port\u00e9e de main.<\/p>\n","protected":false},"excerpt":{"rendered":"<p>Les f\u00e8ves, issues de San Martin au P\u00e9rou, offrent au chocolat des saveurs de fruits noirs et une douce amertume.<\/p>\n<p>\u00ab\u00a0Nous avons s\u00e9lectionn\u00e9 ce chocolat pour sa puret\u00e9 et son go\u00fbt fruit\u00e9.\u00a0\u00bb<\/p>\n","protected":false},"featured_media":759,"comment_status":"closed","ping_status":"closed","template":"","meta":{"_acf_changed":false},"product_cat":[72,83],"product_tag":[],"class_list":{"0":"post-490","1":"product","2":"type-product","3":"status-publish","4":"has-post-thumbnail","6":"product_cat-tablettes","7":"product_cat-tablettes-pures-origines","9":"first","10":"outofstock","11":"shipping-taxable","12":"purchasable","13":"product-type-simple","swatches":"rey-swatches","show_selected":""},"acf":[],"_links":{"self":[{"href":"https:\/\/peaceful-morse.87-106-168-45.plesk.page\/index.php\/wp-json\/wp\/v2\/product\/490","targetHints":{"allow":["GET"]}}],"collection":[{"href":"https:\/\/peaceful-morse.87-106-168-45.plesk.page\/index.php\/wp-json\/wp\/v2\/product"}],"about":[{"href":"https:\/\/peaceful-morse.87-106-168-45.plesk.page\/index.php\/wp-json\/wp\/v2\/types\/product"}],"replies":[{"embeddable":true,"href":"https:\/\/peaceful-morse.87-106-168-45.plesk.page\/index.php\/wp-json\/wp\/v2\/comments?post=490"}],"wp:featuredmedia":[{"embeddable":true,"href":"https:\/\/peaceful-morse.87-106-168-45.plesk.page\/index.php\/wp-json\/wp\/v2\/media\/759"}],"wp:attachment":[{"href":"https:\/\/peaceful-morse.87-106-168-45.plesk.page\/index.php\/wp-json\/wp\/v2\/media?parent=490"}],"wp:term":[{"taxonomy":"product_cat","embeddable":true,"href":"https:\/\/peaceful-morse.87-106-168-45.plesk.page\/index.php\/wp-json\/wp\/v2\/product_cat?post=490"},{"taxonomy":"product_tag","embeddable":true,"href":"https:\/\/peaceful-morse.87-106-168-45.plesk.page\/index.php\/wp-json\/wp\/v2\/product_tag?post=490"}],"curies":[{"name":"wp","href":"https:\/\/api.w.org\/{rel}","templated":true}]}}