{"id":488,"date":"2026-03-04T14:44:05","date_gmt":"2026-03-04T14:44:05","guid":{"rendered":"https:\/\/peaceful-morse.87-106-168-45.plesk.page\/?post_type=product&#038;p=488"},"modified":"2026-03-04T14:45:39","modified_gmt":"2026-03-04T14:45:39","slug":"trio-de-tablettes-pures-origines","status":"publish","type":"product","link":"https:\/\/peaceful-morse.87-106-168-45.plesk.page\/index.php\/product\/trio-de-tablettes-pures-origines\/","title":{"rendered":"Trio de Tablettes Pures Origines"},"content":{"rendered":"<p>Ces tablettes mettent en avant toute la puret\u00e9 du chocolat et son go\u00fbt franc. Elles subliment le travail en bean-to-bar de Nicolas Berger. Le chocolat noir est travaill\u00e9 avec l\u2019extrait d&rsquo;\u00e9corce de bouleau, ce qui lui conf\u00e8re une surprenante l\u00e9g\u00e8ret\u00e9 et une belle longueur en bouche.<\/p>\n","protected":false},"excerpt":{"rendered":"<p>Trois Tablettes Pures Origines dans un joli fourreau pour d\u00e9couvrir le travail du chocolat \u00e0 l&rsquo;extrait d&rsquo;\u00e9corce de bouleau des chefs.<br \/>\nCes cr\u00e9ations mettent en avant toute la puret\u00e9 du chocolat et son go\u00fbt franc. Elles subliment le travail en bean-to-bar de Nicolas Berger.<\/p>\n","protected":false},"featured_media":578,"comment_status":"closed","ping_status":"closed","template":"","meta":{"_acf_changed":false},"product_cat":[72,83],"product_tag":[],"class_list":{"0":"post-488","1":"product","2":"type-product","3":"status-publish","4":"has-post-thumbnail","6":"product_cat-tablettes","7":"product_cat-tablettes-pures-origines","9":"first","10":"outofstock","11":"shipping-taxable","12":"purchasable","13":"product-type-simple","swatches":"rey-swatches","show_selected":""},"acf":[],"_links":{"self":[{"href":"https:\/\/peaceful-morse.87-106-168-45.plesk.page\/index.php\/wp-json\/wp\/v2\/product\/488","targetHints":{"allow":["GET"]}}],"collection":[{"href":"https:\/\/peaceful-morse.87-106-168-45.plesk.page\/index.php\/wp-json\/wp\/v2\/product"}],"about":[{"href":"https:\/\/peaceful-morse.87-106-168-45.plesk.page\/index.php\/wp-json\/wp\/v2\/types\/product"}],"replies":[{"embeddable":true,"href":"https:\/\/peaceful-morse.87-106-168-45.plesk.page\/index.php\/wp-json\/wp\/v2\/comments?post=488"}],"wp:featuredmedia":[{"embeddable":true,"href":"https:\/\/peaceful-morse.87-106-168-45.plesk.page\/index.php\/wp-json\/wp\/v2\/media\/578"}],"wp:attachment":[{"href":"https:\/\/peaceful-morse.87-106-168-45.plesk.page\/index.php\/wp-json\/wp\/v2\/media?parent=488"}],"wp:term":[{"taxonomy":"product_cat","embeddable":true,"href":"https:\/\/peaceful-morse.87-106-168-45.plesk.page\/index.php\/wp-json\/wp\/v2\/product_cat?post=488"},{"taxonomy":"product_tag","embeddable":true,"href":"https:\/\/peaceful-morse.87-106-168-45.plesk.page\/index.php\/wp-json\/wp\/v2\/product_tag?post=488"}],"curies":[{"name":"wp","href":"https:\/\/api.w.org\/{rel}","templated":true}]}}