{"id":474,"date":"2026-03-04T14:43:39","date_gmt":"2026-03-04T14:43:39","guid":{"rendered":"https:\/\/peaceful-morse.87-106-168-45.plesk.page\/?post_type=product&#038;p=474"},"modified":"2026-03-04T14:45:58","modified_gmt":"2026-03-04T14:45:58","slug":"tablette-terroirs-accord-champagne","status":"publish","type":"product","link":"https:\/\/peaceful-morse.87-106-168-45.plesk.page\/index.php\/product\/tablette-terroirs-accord-champagne\/","title":{"rendered":"Tablette Terroirs &#8211; accord Champagne"},"content":{"rendered":"<p>Cette tablette se d\u00e9guste en accord parfait avec un Champagne brut pour les palais en qu\u00eate de nouvelles exp\u00e9riences gustatives. Ses saveurs surprenantes resteront en m\u00e9moire et souligneront des moments de convivialit\u00e9 uniques. Car c\u2019est avant tout une tablette de partage, dont chaque \u00e9clat r\u00e9v\u00e8le une saveur diff\u00e9rente et percutante. Un dialogue in\u00e9dit se tisse entre le Champagne et Chocolat, qui se r\u00e9pondent et s\u2019enrichissent mutuellement, pour un voyage gustatif surprenant. Une mani\u00e8re d\u00e9complex\u00e9e d\u2019aborder le chocolat contemporain, et de mettre en valeur le terroir champenois.<\/p>\n<p>Savourez un moment d\u2019exception gr\u00e2ce \u00e0 notre chocolat gastronomique.<\/p>\n<p>Une cr\u00e9ation 3 \u00e9toiles \u00e0 port\u00e9e de main.<\/p>\n","protected":false},"excerpt":{"rendered":"<p>Compos\u00e9e d\u2019un pralin au marc de sak\u00e9, d\u2019un confit de gingembre cristallis\u00e9 et d\u2019une confiture d\u2019algues, cette Tablette se d\u00e9guste en accord parfait avec un Champagne brut. Une association surprenante et explosive.<\/p>\n","protected":false},"featured_media":602,"comment_status":"closed","ping_status":"closed","template":"","meta":{"_acf_changed":false},"product_cat":[72,84],"product_tag":[],"class_list":{"0":"post-474","1":"product","2":"type-product","3":"status-publish","4":"has-post-thumbnail","6":"product_cat-tablettes","7":"product_cat-tablettes-terroirs","9":"first","10":"instock","11":"shipping-taxable","12":"purchasable","13":"product-type-simple","swatches":"rey-swatches","show_selected":""},"acf":[],"_links":{"self":[{"href":"https:\/\/peaceful-morse.87-106-168-45.plesk.page\/index.php\/wp-json\/wp\/v2\/product\/474","targetHints":{"allow":["GET"]}}],"collection":[{"href":"https:\/\/peaceful-morse.87-106-168-45.plesk.page\/index.php\/wp-json\/wp\/v2\/product"}],"about":[{"href":"https:\/\/peaceful-morse.87-106-168-45.plesk.page\/index.php\/wp-json\/wp\/v2\/types\/product"}],"replies":[{"embeddable":true,"href":"https:\/\/peaceful-morse.87-106-168-45.plesk.page\/index.php\/wp-json\/wp\/v2\/comments?post=474"}],"wp:featuredmedia":[{"embeddable":true,"href":"https:\/\/peaceful-morse.87-106-168-45.plesk.page\/index.php\/wp-json\/wp\/v2\/media\/602"}],"wp:attachment":[{"href":"https:\/\/peaceful-morse.87-106-168-45.plesk.page\/index.php\/wp-json\/wp\/v2\/media?parent=474"}],"wp:term":[{"taxonomy":"product_cat","embeddable":true,"href":"https:\/\/peaceful-morse.87-106-168-45.plesk.page\/index.php\/wp-json\/wp\/v2\/product_cat?post=474"},{"taxonomy":"product_tag","embeddable":true,"href":"https:\/\/peaceful-morse.87-106-168-45.plesk.page\/index.php\/wp-json\/wp\/v2\/product_tag?post=474"}],"curies":[{"name":"wp","href":"https:\/\/api.w.org\/{rel}","templated":true}]}}