{"id":468,"date":"2026-03-04T14:43:39","date_gmt":"2026-03-04T14:43:39","guid":{"rendered":"https:\/\/peaceful-morse.87-106-168-45.plesk.page\/?post_type=product&#038;p=468"},"modified":"2026-03-04T14:49:12","modified_gmt":"2026-03-04T14:49:12","slug":"coffret-de-36-sticks","status":"publish","type":"product","link":"https:\/\/peaceful-morse.87-106-168-45.plesk.page\/index.php\/product\/coffret-de-36-sticks\/","title":{"rendered":"Coffret de 36 Sticks"},"content":{"rendered":"<p>Pistache sal\u00e9e, noisette agrumes, cacahu\u00e8te grill\u00e9e, noix de coco torr\u00e9fi\u00e9e, s\u00e9same noir, ou encore coque de cacao. Des sticks fins et \u00e9l\u00e9gants, renfermant un pralin\u00e9 travaill\u00e9 \u00e0 l\u2019extrait d&rsquo;\u00e9corce de bouleau. En bouche, il se fait alors \u00e0 la fois tendre, fondant, et finement craquant. Une exp\u00e9rience qui appelle \u00e0 la d\u00e9couverte et au partage.<\/p>\n<p>Vivez un moment extraordinaire gr\u00e2ce \u00e0 notre chocolat gastronomique.<\/p>\n<p>Un moment 3 \u00e9toiles, \u00e0 port\u00e9e de main.<\/p>\n","protected":false},"excerpt":{"rendered":"<p>A la fois tendres, fondants et finement craquants, nos Sticks pralin\u00e9s se d\u00e9clinent telle une v\u00e9ritable palette de couleurs, aux go\u00fbts originaux et cr\u00e9atifs.<\/p>\n<p>\u00ab\u00a0Avec les Sticks, le beau s&rsquo;allie au bon et le design au go\u00fbt. En bouche, c&rsquo;est une pure d\u00e9licatesse.\u00a0\u00bb<\/p>\n","protected":false},"featured_media":731,"comment_status":"closed","ping_status":"closed","template":"","meta":{"_acf_changed":false},"product_cat":[59,56,60],"product_tag":[],"class_list":{"0":"post-468","1":"product","2":"type-product","3":"status-publish","4":"has-post-thumbnail","6":"product_cat-incontournables","7":"product_cat-les-coffrets-de-chocolat","8":"product_cat-sticks","10":"first","11":"instock","12":"shipping-taxable","13":"purchasable","14":"product-type-simple","swatches":"rey-swatches","show_selected":""},"acf":[],"_links":{"self":[{"href":"https:\/\/peaceful-morse.87-106-168-45.plesk.page\/index.php\/wp-json\/wp\/v2\/product\/468","targetHints":{"allow":["GET"]}}],"collection":[{"href":"https:\/\/peaceful-morse.87-106-168-45.plesk.page\/index.php\/wp-json\/wp\/v2\/product"}],"about":[{"href":"https:\/\/peaceful-morse.87-106-168-45.plesk.page\/index.php\/wp-json\/wp\/v2\/types\/product"}],"replies":[{"embeddable":true,"href":"https:\/\/peaceful-morse.87-106-168-45.plesk.page\/index.php\/wp-json\/wp\/v2\/comments?post=468"}],"wp:featuredmedia":[{"embeddable":true,"href":"https:\/\/peaceful-morse.87-106-168-45.plesk.page\/index.php\/wp-json\/wp\/v2\/media\/731"}],"wp:attachment":[{"href":"https:\/\/peaceful-morse.87-106-168-45.plesk.page\/index.php\/wp-json\/wp\/v2\/media?parent=468"}],"wp:term":[{"taxonomy":"product_cat","embeddable":true,"href":"https:\/\/peaceful-morse.87-106-168-45.plesk.page\/index.php\/wp-json\/wp\/v2\/product_cat?post=468"},{"taxonomy":"product_tag","embeddable":true,"href":"https:\/\/peaceful-morse.87-106-168-45.plesk.page\/index.php\/wp-json\/wp\/v2\/product_tag?post=468"}],"curies":[{"name":"wp","href":"https:\/\/api.w.org\/{rel}","templated":true}]}}