{"id":465,"date":"2026-03-04T14:43:39","date_gmt":"2026-03-04T14:43:39","guid":{"rendered":"https:\/\/peaceful-morse.87-106-168-45.plesk.page\/?post_type=product&#038;p=465"},"modified":"2026-03-04T14:49:02","modified_gmt":"2026-03-04T14:49:02","slug":"coffret-de-24-ganaches","status":"publish","type":"product","link":"https:\/\/peaceful-morse.87-106-168-45.plesk.page\/index.php\/product\/coffret-de-24-ganaches\/","title":{"rendered":"Coffret de 24 Ganaches"},"content":{"rendered":"<p>Yannick All\u00e9no imaginent la ganache moderne. En bouche, elle enrobe le palais et d\u00e9voile plusieurs notes de d\u00e9gustation.<\/p>\n<p>Vivez un moment extraordinaire gr\u00e2ce \u00e0 notre chocolat gastronomique.<\/p>\n<p>Un moment 3 \u00e9toiles, \u00e0 port\u00e9e de main.<\/p>\n","protected":false},"excerpt":{"rendered":"<p>Une ganache moderne, fra\u00eeche et l\u00e9g\u00e8re, avec une incroyable texture fondante gr\u00e2ce aux proc\u00e9d\u00e9s d&rsquo;extraction. Une d\u00e9clinaison de Ganaches au chocolat du P\u00e9rou avec diff\u00e9rentes intensit\u00e9s : 45% pour une d\u00e9gustation gourmande et onctueuse, 55% pour un juste \u00e9quilibre entre la gourmandise et la puissance du cacao, 80% pour les amateurs de chocolat noir intense. Une d\u00e9couverte gustative du chocolat du P\u00e9rou, caract\u00e9ris\u00e9 par ses notes de cannelle, de badiane, de caramel et de f\u00e8ve Tonka avec une large palette aromatique ambr\u00e9e faisant \u00e9cho \u00e0 de vieux Cognacs ou Whiskies.<\/p>\n<p>\u00ab\u00a0Un \u00e9cho au travail des sauces du Chef Yannick All\u00e9no.\u00a0\u00bb<\/p>\n","protected":false},"featured_media":726,"comment_status":"closed","ping_status":"closed","template":"","meta":{"_acf_changed":false},"product_cat":[85,56],"product_tag":[],"class_list":{"0":"post-465","1":"product","2":"type-product","3":"status-publish","4":"has-post-thumbnail","6":"product_cat-ganaches","7":"product_cat-les-coffrets-de-chocolat","9":"first","10":"instock","11":"shipping-taxable","12":"purchasable","13":"product-type-simple","swatches":"rey-swatches","show_selected":""},"acf":[],"_links":{"self":[{"href":"https:\/\/peaceful-morse.87-106-168-45.plesk.page\/index.php\/wp-json\/wp\/v2\/product\/465","targetHints":{"allow":["GET"]}}],"collection":[{"href":"https:\/\/peaceful-morse.87-106-168-45.plesk.page\/index.php\/wp-json\/wp\/v2\/product"}],"about":[{"href":"https:\/\/peaceful-morse.87-106-168-45.plesk.page\/index.php\/wp-json\/wp\/v2\/types\/product"}],"replies":[{"embeddable":true,"href":"https:\/\/peaceful-morse.87-106-168-45.plesk.page\/index.php\/wp-json\/wp\/v2\/comments?post=465"}],"wp:featuredmedia":[{"embeddable":true,"href":"https:\/\/peaceful-morse.87-106-168-45.plesk.page\/index.php\/wp-json\/wp\/v2\/media\/726"}],"wp:attachment":[{"href":"https:\/\/peaceful-morse.87-106-168-45.plesk.page\/index.php\/wp-json\/wp\/v2\/media?parent=465"}],"wp:term":[{"taxonomy":"product_cat","embeddable":true,"href":"https:\/\/peaceful-morse.87-106-168-45.plesk.page\/index.php\/wp-json\/wp\/v2\/product_cat?post=465"},{"taxonomy":"product_tag","embeddable":true,"href":"https:\/\/peaceful-morse.87-106-168-45.plesk.page\/index.php\/wp-json\/wp\/v2\/product_tag?post=465"}],"curies":[{"name":"wp","href":"https:\/\/api.w.org\/{rel}","templated":true}]}}