{"id":464,"date":"2026-03-04T14:43:39","date_gmt":"2026-03-04T14:43:39","guid":{"rendered":"https:\/\/peaceful-morse.87-106-168-45.plesk.page\/?post_type=product&#038;p=464"},"modified":"2026-03-04T14:46:46","modified_gmt":"2026-03-04T14:46:46","slug":"grand-assortiment","status":"publish","type":"product","link":"https:\/\/peaceful-morse.87-106-168-45.plesk.page\/index.php\/product\/grand-assortiment\/","title":{"rendered":"Grand Assortiment"},"content":{"rendered":"<p>C&rsquo;est un assortiment compos\u00e9 d\u2019un coffret de 3 gousses de vanille, un coffret de 12 sticks et d\u2019un coffret collection 16 pralin\u00e9s et 18 ganaches. Des signatures des chefs qui vous proposent des cr\u00e9ations aussi belles que bonnes.<\/p>\n<p>Savourez un moment d\u2019exception gr\u00e2ce \u00e0 notre chocolat gastronomique.<\/p>\n<p>Une cr\u00e9ation 3 \u00e9toiles \u00e0 port\u00e9e de main.<\/p>\n","protected":false},"excerpt":{"rendered":"<p>D\u00e9couvrez ou faites d\u00e9couvrir nos chocolats gastronomiques !<\/p>\n<p>Une alliance id\u00e9ale constitu\u00e9e de l\u2019incontournable coffret de 3 gousses de vanille, l\u2019irr\u00e9sistible coffret de 12 sticks et d\u2019un gourmand coffret collection compos\u00e9 de 16 pralin\u00e9s et de 18 ganaches.<\/p>\n","protected":false},"featured_media":618,"comment_status":"closed","ping_status":"closed","template":"","meta":{"_acf_changed":false},"product_cat":[57,56],"product_tag":[],"class_list":{"0":"post-464","1":"product","2":"type-product","3":"status-publish","4":"has-post-thumbnail","6":"product_cat-assortiments-a-offrir","7":"product_cat-les-coffrets-de-chocolat","9":"first","10":"outofstock","11":"shipping-taxable","12":"purchasable","13":"product-type-simple","swatches":"rey-swatches","show_selected":""},"acf":[],"_links":{"self":[{"href":"https:\/\/peaceful-morse.87-106-168-45.plesk.page\/index.php\/wp-json\/wp\/v2\/product\/464","targetHints":{"allow":["GET"]}}],"collection":[{"href":"https:\/\/peaceful-morse.87-106-168-45.plesk.page\/index.php\/wp-json\/wp\/v2\/product"}],"about":[{"href":"https:\/\/peaceful-morse.87-106-168-45.plesk.page\/index.php\/wp-json\/wp\/v2\/types\/product"}],"replies":[{"embeddable":true,"href":"https:\/\/peaceful-morse.87-106-168-45.plesk.page\/index.php\/wp-json\/wp\/v2\/comments?post=464"}],"wp:featuredmedia":[{"embeddable":true,"href":"https:\/\/peaceful-morse.87-106-168-45.plesk.page\/index.php\/wp-json\/wp\/v2\/media\/618"}],"wp:attachment":[{"href":"https:\/\/peaceful-morse.87-106-168-45.plesk.page\/index.php\/wp-json\/wp\/v2\/media?parent=464"}],"wp:term":[{"taxonomy":"product_cat","embeddable":true,"href":"https:\/\/peaceful-morse.87-106-168-45.plesk.page\/index.php\/wp-json\/wp\/v2\/product_cat?post=464"},{"taxonomy":"product_tag","embeddable":true,"href":"https:\/\/peaceful-morse.87-106-168-45.plesk.page\/index.php\/wp-json\/wp\/v2\/product_tag?post=464"}],"curies":[{"name":"wp","href":"https:\/\/api.w.org\/{rel}","templated":true}]}}