{"id":444,"date":"2026-03-04T14:43:17","date_gmt":"2026-03-04T14:43:17","guid":{"rendered":"https:\/\/peaceful-morse.87-106-168-45.plesk.page\/?post_type=product&#038;p=444"},"modified":"2026-03-04T14:48:41","modified_gmt":"2026-03-04T14:48:41","slug":"assortiment-de-confits-de-fruits-de-saison","status":"publish","type":"product","link":"https:\/\/peaceful-morse.87-106-168-45.plesk.page\/index.php\/product\/assortiment-de-confits-de-fruits-de-saison\/","title":{"rendered":"Assortiment de Confits de fruits de saison"},"content":{"rendered":"<p>Les fruits n\u00e9cessitent un temps de mac\u00e9ration qui varie en fonction de l\u2019hygrom\u00e9trie et de la temp\u00e9rature ambiante, suivi d\u2019un temps de maturation bien pr\u00e9cis.<\/p>\n<p>Savourez un moment d\u2019exception gr\u00e2ce \u00e0 notre assortiments de confits de fruits gastronomique.<\/p>\n<p>Une cr\u00e9ation 3 \u00e9toiles \u00e0 port\u00e9e de main.<\/p>\n<p><em>189,57 \u20ac\/kg<\/em><\/p>\n<p>A conserver \u00e0 l\u2019abris de la lumi\u00e8re et de l\u2019humidit\u00e9, entre 15 et 17\u00b0C, pendant 1 mois maximum.<\/p>\n","protected":false},"excerpt":{"rendered":"<p>Les fruits n\u00e9cessitent un temps de mac\u00e9ration qui varie en fonction de l\u2019hygrom\u00e9trie et de la temp\u00e9rature ambiante, suivi d\u2019un temps de maturation bien pr\u00e9cis.<\/p>\n","protected":false},"featured_media":708,"comment_status":"closed","ping_status":"closed","template":"","meta":{"_acf_changed":false},"product_cat":[54,53],"product_tag":[],"class_list":{"0":"post-444","1":"product","2":"type-product","3":"status-publish","4":"has-post-thumbnail","6":"product_cat-confits-de-fruits-nature","7":"product_cat-les-confits-de-fruits","9":"first","10":"outofstock","11":"shipping-taxable","12":"purchasable","13":"product-type-simple","swatches":"rey-swatches","show_selected":""},"acf":[],"_links":{"self":[{"href":"https:\/\/peaceful-morse.87-106-168-45.plesk.page\/index.php\/wp-json\/wp\/v2\/product\/444","targetHints":{"allow":["GET"]}}],"collection":[{"href":"https:\/\/peaceful-morse.87-106-168-45.plesk.page\/index.php\/wp-json\/wp\/v2\/product"}],"about":[{"href":"https:\/\/peaceful-morse.87-106-168-45.plesk.page\/index.php\/wp-json\/wp\/v2\/types\/product"}],"replies":[{"embeddable":true,"href":"https:\/\/peaceful-morse.87-106-168-45.plesk.page\/index.php\/wp-json\/wp\/v2\/comments?post=444"}],"wp:featuredmedia":[{"embeddable":true,"href":"https:\/\/peaceful-morse.87-106-168-45.plesk.page\/index.php\/wp-json\/wp\/v2\/media\/708"}],"wp:attachment":[{"href":"https:\/\/peaceful-morse.87-106-168-45.plesk.page\/index.php\/wp-json\/wp\/v2\/media?parent=444"}],"wp:term":[{"taxonomy":"product_cat","embeddable":true,"href":"https:\/\/peaceful-morse.87-106-168-45.plesk.page\/index.php\/wp-json\/wp\/v2\/product_cat?post=444"},{"taxonomy":"product_tag","embeddable":true,"href":"https:\/\/peaceful-morse.87-106-168-45.plesk.page\/index.php\/wp-json\/wp\/v2\/product_tag?post=444"}],"curies":[{"name":"wp","href":"https:\/\/api.w.org\/{rel}","templated":true}]}}