{"id":439,"date":"2026-03-04T14:43:17","date_gmt":"2026-03-04T14:43:17","guid":{"rendered":"https:\/\/peaceful-morse.87-106-168-45.plesk.page\/?post_type=product&#038;p=439"},"modified":"2026-03-04T14:48:27","modified_gmt":"2026-03-04T14:48:27","slug":"le-coffret-champagne","status":"publish","type":"product","link":"https:\/\/peaceful-morse.87-106-168-45.plesk.page\/index.php\/product\/le-coffret-champagne\/","title":{"rendered":"Le Coffret Champagne"},"content":{"rendered":"<ul>\n<li>Bouteille Champagne Mo\u00ebt &amp; Chandon Brut Imp\u00e9rial 75cL<\/li>\n<li>Plaquette Terroirs de France Champagne<\/li>\n<\/ul>\n","protected":false},"excerpt":{"rendered":"<p>Compos\u00e9e d\u2019un pralin au marc de sak\u00e9, d\u2019un confit de gingembre cristallis\u00e9 et d\u2019une confiture d\u2019algues, la Plaquette se d\u00e9guste en accord parfait avec le Champagne brut Imp\u00e9rial de la Maison Mo\u00ebt &amp; Chandon. Une association surprenante et explosive.<\/p>\n<p>\u201cCe sont les 10 ann\u00e9es pass\u00e9es dans les cuisines de Yannick All\u00e9no qui m\u2019ont permis de pr\u00e9senter un tel produit \u00e0 la fois complexe, gourmand et \u00e9quilibr\u00e9.\u201d Aur\u00e9lien Rivoire<\/p>\n<p>Poids net : 1080g<\/p>\n","protected":false},"featured_media":696,"comment_status":"closed","ping_status":"closed","template":"","meta":{"_acf_changed":false},"product_cat":[57,56],"product_tag":[],"class_list":{"0":"post-439","1":"product","2":"type-product","3":"status-publish","4":"has-post-thumbnail","6":"product_cat-assortiments-a-offrir","7":"product_cat-les-coffrets-de-chocolat","9":"first","10":"outofstock","11":"shipping-taxable","12":"purchasable","13":"product-type-simple","swatches":"rey-swatches","show_selected":""},"acf":[],"_links":{"self":[{"href":"https:\/\/peaceful-morse.87-106-168-45.plesk.page\/index.php\/wp-json\/wp\/v2\/product\/439","targetHints":{"allow":["GET"]}}],"collection":[{"href":"https:\/\/peaceful-morse.87-106-168-45.plesk.page\/index.php\/wp-json\/wp\/v2\/product"}],"about":[{"href":"https:\/\/peaceful-morse.87-106-168-45.plesk.page\/index.php\/wp-json\/wp\/v2\/types\/product"}],"replies":[{"embeddable":true,"href":"https:\/\/peaceful-morse.87-106-168-45.plesk.page\/index.php\/wp-json\/wp\/v2\/comments?post=439"}],"wp:featuredmedia":[{"embeddable":true,"href":"https:\/\/peaceful-morse.87-106-168-45.plesk.page\/index.php\/wp-json\/wp\/v2\/media\/696"}],"wp:attachment":[{"href":"https:\/\/peaceful-morse.87-106-168-45.plesk.page\/index.php\/wp-json\/wp\/v2\/media?parent=439"}],"wp:term":[{"taxonomy":"product_cat","embeddable":true,"href":"https:\/\/peaceful-morse.87-106-168-45.plesk.page\/index.php\/wp-json\/wp\/v2\/product_cat?post=439"},{"taxonomy":"product_tag","embeddable":true,"href":"https:\/\/peaceful-morse.87-106-168-45.plesk.page\/index.php\/wp-json\/wp\/v2\/product_tag?post=439"}],"curies":[{"name":"wp","href":"https:\/\/api.w.org\/{rel}","templated":true}]}}