{"id":438,"date":"2026-03-04T14:43:17","date_gmt":"2026-03-04T14:43:17","guid":{"rendered":"https:\/\/peaceful-morse.87-106-168-45.plesk.page\/?post_type=product&#038;p=438"},"modified":"2026-03-04T14:46:49","modified_gmt":"2026-03-04T14:46:49","slug":"assortiment-lart-du-praline","status":"publish","type":"product","link":"https:\/\/peaceful-morse.87-106-168-45.plesk.page\/index.php\/product\/assortiment-lart-du-praline\/","title":{"rendered":"Assortiment L&rsquo;Art du Pralin\u00e9"},"content":{"rendered":"<p>C\u2019est un assortiment compos\u00e9 d\u2019un trio de p\u00e2te \u00e0 tartiner, d&rsquo;un coffret de 12 sticks et de 10 pralin\u00e9s ainsi que d&rsquo;une tablette gourmande pralin\u00e9 \u00e0 la pistache. Des signatures des chefs qui vous proposent des cr\u00e9ations aussi belles que bonnes.<\/p>\n<p>Savourez un moment d\u2019exception gr\u00e2ce \u00e0 notre chocolat gastronomique sans sucre.<\/p>\n<p>Une cr\u00e9ation 3 \u00e9toiles \u00e0 port\u00e9e de main.<\/p>\n","protected":false},"excerpt":{"rendered":"<p>D\u00e9couvrez ou faites d\u00e9couvrir les chocolats gastronomiques sans sucre de la maison All\u00e9no et Rivoire.<br \/>\nUne alliance id\u00e9ale constitu\u00e9e du trio gourmand de p\u00e2te \u00e0 tartiner, d&rsquo;un coffret de 12 sticks irr\u00e9sistibles, d&rsquo;un coffret de 10 pralin\u00e9s gourmands et d&rsquo;une tablette pralin\u00e9 \u00e0 la pistache. <\/p>\n","protected":false},"featured_media":620,"comment_status":"closed","ping_status":"closed","template":"","meta":{"_acf_changed":false},"product_cat":[57],"product_tag":[],"class_list":{"0":"post-438","1":"product","2":"type-product","3":"status-publish","4":"has-post-thumbnail","6":"product_cat-assortiments-a-offrir","8":"first","9":"outofstock","10":"shipping-taxable","11":"purchasable","12":"product-type-simple","swatches":"rey-swatches","show_selected":""},"acf":[],"_links":{"self":[{"href":"https:\/\/peaceful-morse.87-106-168-45.plesk.page\/index.php\/wp-json\/wp\/v2\/product\/438","targetHints":{"allow":["GET"]}}],"collection":[{"href":"https:\/\/peaceful-morse.87-106-168-45.plesk.page\/index.php\/wp-json\/wp\/v2\/product"}],"about":[{"href":"https:\/\/peaceful-morse.87-106-168-45.plesk.page\/index.php\/wp-json\/wp\/v2\/types\/product"}],"replies":[{"embeddable":true,"href":"https:\/\/peaceful-morse.87-106-168-45.plesk.page\/index.php\/wp-json\/wp\/v2\/comments?post=438"}],"wp:featuredmedia":[{"embeddable":true,"href":"https:\/\/peaceful-morse.87-106-168-45.plesk.page\/index.php\/wp-json\/wp\/v2\/media\/620"}],"wp:attachment":[{"href":"https:\/\/peaceful-morse.87-106-168-45.plesk.page\/index.php\/wp-json\/wp\/v2\/media?parent=438"}],"wp:term":[{"taxonomy":"product_cat","embeddable":true,"href":"https:\/\/peaceful-morse.87-106-168-45.plesk.page\/index.php\/wp-json\/wp\/v2\/product_cat?post=438"},{"taxonomy":"product_tag","embeddable":true,"href":"https:\/\/peaceful-morse.87-106-168-45.plesk.page\/index.php\/wp-json\/wp\/v2\/product_tag?post=438"}],"curies":[{"name":"wp","href":"https:\/\/api.w.org\/{rel}","templated":true}]}}