{"id":437,"date":"2026-03-04T14:43:17","date_gmt":"2026-03-04T14:43:17","guid":{"rendered":"https:\/\/peaceful-morse.87-106-168-45.plesk.page\/?post_type=product&#038;p=437"},"modified":"2026-03-04T14:44:34","modified_gmt":"2026-03-04T14:44:34","slug":"le-duo-dincontournables","status":"publish","type":"product","link":"https:\/\/peaceful-morse.87-106-168-45.plesk.page\/index.php\/product\/le-duo-dincontournables\/","title":{"rendered":"Le Duo d&rsquo;Incontournables"},"content":{"rendered":"<p>Les incontournables de notre collection r\u00e9unis dans un beau coffret, id\u00e9al pour d\u00e9couvrir l\u2019univers de la Maison All\u00e9no &amp; Rivoire : les Sticks, finement craquants et pralin\u00e9s ; et les Gousses de vanille, comme un trompe-l&rsquo;\u0153il, et garnies d&rsquo;un d\u00e9licieux caviar de vanille.<\/p>\n<p><em>300,00\u20ac\/kg<\/em><\/p>\n","protected":false},"excerpt":{"rendered":"<p>Offrez le c\u00e9l\u00e8bre coffret de 3 gousses de vanille et le coffret de 12 sticks travaill\u00e9s comme de v\u00e9ritables bijoux.<\/p>\n<p>Poids net : 150g<\/p>\n","protected":false},"featured_media":520,"comment_status":"closed","ping_status":"closed","template":"","meta":{"_acf_changed":false},"product_cat":[57,59,56],"product_tag":[],"class_list":{"0":"post-437","1":"product","2":"type-product","3":"status-publish","4":"has-post-thumbnail","6":"product_cat-assortiments-a-offrir","7":"product_cat-incontournables","8":"product_cat-les-coffrets-de-chocolat","10":"first","11":"outofstock","12":"shipping-taxable","13":"purchasable","14":"product-type-simple","swatches":"rey-swatches","show_selected":""},"acf":[],"_links":{"self":[{"href":"https:\/\/peaceful-morse.87-106-168-45.plesk.page\/index.php\/wp-json\/wp\/v2\/product\/437","targetHints":{"allow":["GET"]}}],"collection":[{"href":"https:\/\/peaceful-morse.87-106-168-45.plesk.page\/index.php\/wp-json\/wp\/v2\/product"}],"about":[{"href":"https:\/\/peaceful-morse.87-106-168-45.plesk.page\/index.php\/wp-json\/wp\/v2\/types\/product"}],"replies":[{"embeddable":true,"href":"https:\/\/peaceful-morse.87-106-168-45.plesk.page\/index.php\/wp-json\/wp\/v2\/comments?post=437"}],"wp:featuredmedia":[{"embeddable":true,"href":"https:\/\/peaceful-morse.87-106-168-45.plesk.page\/index.php\/wp-json\/wp\/v2\/media\/520"}],"wp:attachment":[{"href":"https:\/\/peaceful-morse.87-106-168-45.plesk.page\/index.php\/wp-json\/wp\/v2\/media?parent=437"}],"wp:term":[{"taxonomy":"product_cat","embeddable":true,"href":"https:\/\/peaceful-morse.87-106-168-45.plesk.page\/index.php\/wp-json\/wp\/v2\/product_cat?post=437"},{"taxonomy":"product_tag","embeddable":true,"href":"https:\/\/peaceful-morse.87-106-168-45.plesk.page\/index.php\/wp-json\/wp\/v2\/product_tag?post=437"}],"curies":[{"name":"wp","href":"https:\/\/api.w.org\/{rel}","templated":true}]}}