{"id":406,"date":"2026-03-04T14:42:02","date_gmt":"2026-03-04T14:42:02","guid":{"rendered":"https:\/\/peaceful-morse.87-106-168-45.plesk.page\/?post_type=product&#038;p=406"},"modified":"2026-03-04T14:44:04","modified_gmt":"2026-03-04T14:44:04","slug":"trefles-sauciers-edition-kalios-un-ete-a-kalamata","status":"publish","type":"product","link":"https:\/\/peaceful-morse.87-106-168-45.plesk.page\/index.php\/product\/trefles-sauciers-edition-kalios-un-ete-a-kalamata\/","title":{"rendered":"Tr\u00e8fles sauciers &#8211; \u00e9dition KALIOS \u00ab\u00a0Un \u00e9t\u00e9 \u00e0 Kalamata\u00a0\u00bb"},"content":{"rendered":"<p>Les Tr\u00e8fles sauciers iconiques de la Maison d\u00e9voilent pour l&rsquo;\u00e9t\u00e9 de nouveaux parfums o\u00f9 se m\u00ealent le croustillant du pralin\u00e9 \u00e0 la fra\u00eecheur du confit de fruits. Une \u00e9dition limit\u00e9e pour croquer l&rsquo;\u00e9t\u00e9 \u00e0 pleines dents !<\/p>\n","protected":false},"excerpt":{"rendered":"<p>Plongez dans l\u2019\u00e2me des march\u00e9s de Kalamata o\u00f9 se m\u00ealent les parfums enivrants d\u2019un confit d\u2019abricot, la puissance de l\u2019olive Kalamata et la douceur d\u2019une huile d\u2019olive. Le Tr\u00e8fle Saucier &#8211; Edition Kalios incarne la chocolaterie moderne et \u00e9veille les sens aux tr\u00e9sors gourmands d\u2019une Gr\u00e8ce ensoleill\u00e9e.<br \/>\n<em><br \/>\nLe Coffret de Tr\u00e8fles sauciers est \u00e0 composer en boutiques exclusivement :<br \/>\nCoffret de 6 Tr\u00e8fles sauciers \u2013 15\u20ac \/ Coffret de 12 Tr\u00e8fles sauciers \u2013 28\u20ac \/ Coffret de 18 Tr\u00e8fles sauciers \u2013 39\u20ac<\/em><\/p>\n","protected":false},"featured_media":485,"comment_status":"closed","ping_status":"closed","template":"","meta":{"_acf_changed":false},"product_cat":[77],"product_tag":[],"class_list":{"0":"post-406","1":"product","2":"type-product","3":"status-publish","4":"has-post-thumbnail","6":"product_cat-collection-dautomne","8":"first","9":"instock","10":"shipping-taxable","11":"product-type-external","swatches":"rey-swatches","show_selected":""},"acf":[],"_links":{"self":[{"href":"https:\/\/peaceful-morse.87-106-168-45.plesk.page\/index.php\/wp-json\/wp\/v2\/product\/406","targetHints":{"allow":["GET"]}}],"collection":[{"href":"https:\/\/peaceful-morse.87-106-168-45.plesk.page\/index.php\/wp-json\/wp\/v2\/product"}],"about":[{"href":"https:\/\/peaceful-morse.87-106-168-45.plesk.page\/index.php\/wp-json\/wp\/v2\/types\/product"}],"replies":[{"embeddable":true,"href":"https:\/\/peaceful-morse.87-106-168-45.plesk.page\/index.php\/wp-json\/wp\/v2\/comments?post=406"}],"wp:featuredmedia":[{"embeddable":true,"href":"https:\/\/peaceful-morse.87-106-168-45.plesk.page\/index.php\/wp-json\/wp\/v2\/media\/485"}],"wp:attachment":[{"href":"https:\/\/peaceful-morse.87-106-168-45.plesk.page\/index.php\/wp-json\/wp\/v2\/media?parent=406"}],"wp:term":[{"taxonomy":"product_cat","embeddable":true,"href":"https:\/\/peaceful-morse.87-106-168-45.plesk.page\/index.php\/wp-json\/wp\/v2\/product_cat?post=406"},{"taxonomy":"product_tag","embeddable":true,"href":"https:\/\/peaceful-morse.87-106-168-45.plesk.page\/index.php\/wp-json\/wp\/v2\/product_tag?post=406"}],"curies":[{"name":"wp","href":"https:\/\/api.w.org\/{rel}","templated":true}]}}