{"id":405,"date":"2026-03-04T14:42:02","date_gmt":"2026-03-04T14:42:02","guid":{"rendered":"https:\/\/peaceful-morse.87-106-168-45.plesk.page\/?post_type=product&#038;p=405"},"modified":"2026-03-04T14:43:57","modified_gmt":"2026-03-04T14:43:57","slug":"trefles-sauciers-a-lombre-des-pechers","status":"publish","type":"product","link":"https:\/\/peaceful-morse.87-106-168-45.plesk.page\/index.php\/product\/trefles-sauciers-a-lombre-des-pechers\/","title":{"rendered":"Tr\u00e8fles sauciers &#8211; \u00ab A l\u2019ombre des p\u00eachers \u00bb"},"content":{"rendered":"<p>Le Tr\u00e8fle saucier fruit\u00e9 \u00ab\u00a0A l&rsquo;ombre des p\u00eachers\u00a0\u00bb m\u00eale la rondeur de la p\u00eache au parfum de la vanille. Un Tr\u00e8fle tout en douceur.<\/p>\n","protected":false},"excerpt":{"rendered":"<p>Le Tr\u00e8fle saucier fruit\u00e9 \u00ab\u00a0A l&rsquo;ombre des p\u00eachers\u00a0\u00bb m\u00eale la rondeur de la p\u00eache au parfum de la vanille. Un Tr\u00e8fle tout en douceur.<\/p>\n<p><em>Le Coffret de Tr\u00e8fles sauciers est \u00e0 composer en boutiques exclusivement :<br \/>\nCoffret de 6 Tr\u00e8fles sauciers \u2013 15\u20ac \/ Coffret de 12 Tr\u00e8fles sauciers \u2013 28\u20ac \/ Coffret de 18 Tr\u00e8fles sauciers \u2013 39\u20ac<\/em><\/p>\n","protected":false},"featured_media":480,"comment_status":"closed","ping_status":"closed","template":"","meta":{"_acf_changed":false},"product_cat":[77],"product_tag":[],"class_list":{"0":"post-405","1":"product","2":"type-product","3":"status-publish","4":"has-post-thumbnail","6":"product_cat-collection-dautomne","8":"first","9":"instock","10":"shipping-taxable","11":"product-type-external","swatches":"rey-swatches","show_selected":""},"acf":[],"_links":{"self":[{"href":"https:\/\/peaceful-morse.87-106-168-45.plesk.page\/index.php\/wp-json\/wp\/v2\/product\/405","targetHints":{"allow":["GET"]}}],"collection":[{"href":"https:\/\/peaceful-morse.87-106-168-45.plesk.page\/index.php\/wp-json\/wp\/v2\/product"}],"about":[{"href":"https:\/\/peaceful-morse.87-106-168-45.plesk.page\/index.php\/wp-json\/wp\/v2\/types\/product"}],"replies":[{"embeddable":true,"href":"https:\/\/peaceful-morse.87-106-168-45.plesk.page\/index.php\/wp-json\/wp\/v2\/comments?post=405"}],"wp:featuredmedia":[{"embeddable":true,"href":"https:\/\/peaceful-morse.87-106-168-45.plesk.page\/index.php\/wp-json\/wp\/v2\/media\/480"}],"wp:attachment":[{"href":"https:\/\/peaceful-morse.87-106-168-45.plesk.page\/index.php\/wp-json\/wp\/v2\/media?parent=405"}],"wp:term":[{"taxonomy":"product_cat","embeddable":true,"href":"https:\/\/peaceful-morse.87-106-168-45.plesk.page\/index.php\/wp-json\/wp\/v2\/product_cat?post=405"},{"taxonomy":"product_tag","embeddable":true,"href":"https:\/\/peaceful-morse.87-106-168-45.plesk.page\/index.php\/wp-json\/wp\/v2\/product_tag?post=405"}],"curies":[{"name":"wp","href":"https:\/\/api.w.org\/{rel}","templated":true}]}}