{"id":403,"date":"2026-03-04T14:42:02","date_gmt":"2026-03-04T14:42:02","guid":{"rendered":"https:\/\/peaceful-morse.87-106-168-45.plesk.page\/?post_type=product&#038;p=403"},"modified":"2026-03-04T14:43:48","modified_gmt":"2026-03-04T14:43:48","slug":"noisettes-enrobees-de-chocolat-au-lait","status":"publish","type":"product","link":"https:\/\/peaceful-morse.87-106-168-45.plesk.page\/index.php\/product\/noisettes-enrobees-de-chocolat-au-lait\/","title":{"rendered":"Noisettes enrob\u00e9es de chocolat au lait"},"content":{"rendered":"<p>De belles noisettes du Pi\u00e9mont sabl\u00e9es \u00e0 l\u2019extrait d\u2019\u00e9corce de bouleau (xylitol), puis enrob\u00e9es d&rsquo;un d\u00e9licieux chocolat au lait. Un plaisir simple et irr\u00e9sistible !<\/p>\n<p><em>115,38\u20ac\/kg<\/em><\/p>\n","protected":false},"excerpt":{"rendered":"<p>De belles noisettes du Pi\u00e9mont sabl\u00e9es \u00e0 l\u2019extrait d\u2019\u00e9corce de bouleau (xylitol), puis enrob\u00e9es d&rsquo;un d\u00e9licieux chocolat au lait. Un plaisir simple et irr\u00e9sistible !<\/p>\n","protected":false},"featured_media":478,"comment_status":"closed","ping_status":"closed","template":"","meta":{"_acf_changed":false},"product_cat":[76,62],"product_tag":[],"class_list":{"0":"post-403","1":"product","2":"type-product","3":"status-publish","4":"has-post-thumbnail","6":"product_cat-mignardises","7":"product_cat-petits-plaisirs","9":"first","10":"outofstock","11":"shipping-taxable","12":"purchasable","13":"product-type-simple","swatches":"rey-swatches","show_selected":""},"acf":[],"_links":{"self":[{"href":"https:\/\/peaceful-morse.87-106-168-45.plesk.page\/index.php\/wp-json\/wp\/v2\/product\/403","targetHints":{"allow":["GET"]}}],"collection":[{"href":"https:\/\/peaceful-morse.87-106-168-45.plesk.page\/index.php\/wp-json\/wp\/v2\/product"}],"about":[{"href":"https:\/\/peaceful-morse.87-106-168-45.plesk.page\/index.php\/wp-json\/wp\/v2\/types\/product"}],"replies":[{"embeddable":true,"href":"https:\/\/peaceful-morse.87-106-168-45.plesk.page\/index.php\/wp-json\/wp\/v2\/comments?post=403"}],"wp:featuredmedia":[{"embeddable":true,"href":"https:\/\/peaceful-morse.87-106-168-45.plesk.page\/index.php\/wp-json\/wp\/v2\/media\/478"}],"wp:attachment":[{"href":"https:\/\/peaceful-morse.87-106-168-45.plesk.page\/index.php\/wp-json\/wp\/v2\/media?parent=403"}],"wp:term":[{"taxonomy":"product_cat","embeddable":true,"href":"https:\/\/peaceful-morse.87-106-168-45.plesk.page\/index.php\/wp-json\/wp\/v2\/product_cat?post=403"},{"taxonomy":"product_tag","embeddable":true,"href":"https:\/\/peaceful-morse.87-106-168-45.plesk.page\/index.php\/wp-json\/wp\/v2\/product_tag?post=403"}],"curies":[{"name":"wp","href":"https:\/\/api.w.org\/{rel}","templated":true}]}}