{"id":402,"date":"2026-03-04T14:42:02","date_gmt":"2026-03-04T14:42:02","guid":{"rendered":"https:\/\/peaceful-morse.87-106-168-45.plesk.page\/?post_type=product&#038;p=402"},"modified":"2026-03-04T14:44:13","modified_gmt":"2026-03-04T14:44:13","slug":"trefles-sauciers-fruites-mon-souvenir-denfance","status":"publish","type":"product","link":"https:\/\/peaceful-morse.87-106-168-45.plesk.page\/index.php\/product\/trefles-sauciers-fruites-mon-souvenir-denfance\/","title":{"rendered":"Tr\u00e8fles sauciers fruit\u00e9s &#8211; \u00abMon souvenir d\u2019enfance\u00bb"},"content":{"rendered":"<p>Les Tr\u00e8fles sauciers iconiques de la Maison r\u00e9v\u00e8lent pour l\u2019\u00e9t\u00e9 de nouveaux parfums o\u00f9 se m\u00ealent le croustillant du pralin\u00e9 \u00e0 la fra\u00eecheur du confit de fruits. Une \u00e9dition limit\u00e9e pour croquer l\u2019\u00e9t\u00e9 \u00e0 pleines dents.<\/p>\n","protected":false},"excerpt":{"rendered":"<p>Le Tr\u00e8fle saucier fruit\u00e9 \u00abMon souvenir d\u2019enfance\u00bb m\u00eale l\u2019onctuosit\u00e9 d\u2019un confit de fraise \u00e0 la fra\u00eecheur du shiso vert. Une explosion de d\u00e9licatesse en bouche.<\/p>\n<p><em>Le Coffret de Tr\u00e8fles sauciers est \u00e0 composer en boutiques exclusivement :<br \/>\nCoffret de 6 Tr\u00e8fles sauciers \u2013 15\u20ac \/ Coffret de 12 Tr\u00e8fles sauciers \u2013 28\u20ac \/ Coffret de 18 Tr\u00e8fles sauciers \u2013 39\u20ac<\/em><\/p>\n","protected":false},"featured_media":498,"comment_status":"closed","ping_status":"closed","template":"","meta":{"_acf_changed":false},"product_cat":[77],"product_tag":[],"class_list":{"0":"post-402","1":"product","2":"type-product","3":"status-publish","4":"has-post-thumbnail","6":"product_cat-collection-dautomne","8":"first","9":"instock","10":"shipping-taxable","11":"product-type-external","swatches":"rey-swatches","show_selected":""},"acf":[],"_links":{"self":[{"href":"https:\/\/peaceful-morse.87-106-168-45.plesk.page\/index.php\/wp-json\/wp\/v2\/product\/402","targetHints":{"allow":["GET"]}}],"collection":[{"href":"https:\/\/peaceful-morse.87-106-168-45.plesk.page\/index.php\/wp-json\/wp\/v2\/product"}],"about":[{"href":"https:\/\/peaceful-morse.87-106-168-45.plesk.page\/index.php\/wp-json\/wp\/v2\/types\/product"}],"replies":[{"embeddable":true,"href":"https:\/\/peaceful-morse.87-106-168-45.plesk.page\/index.php\/wp-json\/wp\/v2\/comments?post=402"}],"wp:featuredmedia":[{"embeddable":true,"href":"https:\/\/peaceful-morse.87-106-168-45.plesk.page\/index.php\/wp-json\/wp\/v2\/media\/498"}],"wp:attachment":[{"href":"https:\/\/peaceful-morse.87-106-168-45.plesk.page\/index.php\/wp-json\/wp\/v2\/media?parent=402"}],"wp:term":[{"taxonomy":"product_cat","embeddable":true,"href":"https:\/\/peaceful-morse.87-106-168-45.plesk.page\/index.php\/wp-json\/wp\/v2\/product_cat?post=402"},{"taxonomy":"product_tag","embeddable":true,"href":"https:\/\/peaceful-morse.87-106-168-45.plesk.page\/index.php\/wp-json\/wp\/v2\/product_tag?post=402"}],"curies":[{"name":"wp","href":"https:\/\/api.w.org\/{rel}","templated":true}]}}