{"id":401,"date":"2026-03-04T14:42:02","date_gmt":"2026-03-04T14:42:02","guid":{"rendered":"https:\/\/peaceful-morse.87-106-168-45.plesk.page\/?post_type=product&#038;p=401"},"modified":"2026-03-04T14:43:47","modified_gmt":"2026-03-04T14:43:47","slug":"glace-a-litalienne-a-la-vanille-sauce-fraise","status":"publish","type":"product","link":"https:\/\/peaceful-morse.87-106-168-45.plesk.page\/index.php\/product\/glace-a-litalienne-a-la-vanille-sauce-fraise\/","title":{"rendered":"Glace \u00e0 l&rsquo;italienne \u00e0 la vanille &#8211; Sauce fraise"},"content":{"rendered":"<p>All\u00e9no &amp; Rivoire d\u00e9voile sa toute premi\u00e8re glace pour l\u2019\u00e9t\u00e9. Une d\u00e9licieuse glace \u00e0 l\u2019italienne \u00e0 la vanille, surmont\u00e9e de toppings gourmands au choix : noisettes sabl\u00e9es, caramel de pomme, confit d\u2019ananas \/ pistaches sabl\u00e9es, sauce chocolat noir, p\u00e9pites de chocolat noir \/ amandes sabl\u00e9es, sauce fraise, fraises confites. Des toppings \u00e0 l&rsquo;image des savoir-faire des chefs, autour de la sauce et des fruits secs sabl\u00e9s au xylitol sucre de bouleau. Pour se r\u00e9galer avec des recettes moins sucr\u00e9es !<\/p>\n","protected":false},"excerpt":{"rendered":"<p>Notre Glace \u00e0 l&rsquo;italienne \u00e0 la vanille se pare d&rsquo;amandes sabl\u00e9es et de fraises confites. Napp\u00e9e d&rsquo;une sauce aux fraises, elle rappelle tout le savoir-faire saucier du Chef Yannick All\u00e9no, alli\u00e9 \u00e0 une confiserie moderne et avec un indice glyc\u00e9mique bien moindre gr\u00e2ce \u00e0 l&rsquo;utilisation du sucre de bouleau xylitol.<\/p>\n<p>Disponible uniquement aux Galeries Lafayette Le Gourmet.<\/p>\n<p>Poids net : 1,3g<\/p>\n","protected":false},"featured_media":476,"comment_status":"closed","ping_status":"closed","template":"","meta":{"_acf_changed":false},"product_cat":[77],"product_tag":[],"class_list":{"0":"post-401","1":"product","2":"type-product","3":"status-publish","4":"has-post-thumbnail","6":"product_cat-collection-dautomne","8":"first","9":"instock","10":"shipping-taxable","11":"product-type-external","swatches":"rey-swatches","show_selected":""},"acf":[],"_links":{"self":[{"href":"https:\/\/peaceful-morse.87-106-168-45.plesk.page\/index.php\/wp-json\/wp\/v2\/product\/401","targetHints":{"allow":["GET"]}}],"collection":[{"href":"https:\/\/peaceful-morse.87-106-168-45.plesk.page\/index.php\/wp-json\/wp\/v2\/product"}],"about":[{"href":"https:\/\/peaceful-morse.87-106-168-45.plesk.page\/index.php\/wp-json\/wp\/v2\/types\/product"}],"replies":[{"embeddable":true,"href":"https:\/\/peaceful-morse.87-106-168-45.plesk.page\/index.php\/wp-json\/wp\/v2\/comments?post=401"}],"wp:featuredmedia":[{"embeddable":true,"href":"https:\/\/peaceful-morse.87-106-168-45.plesk.page\/index.php\/wp-json\/wp\/v2\/media\/476"}],"wp:attachment":[{"href":"https:\/\/peaceful-morse.87-106-168-45.plesk.page\/index.php\/wp-json\/wp\/v2\/media?parent=401"}],"wp:term":[{"taxonomy":"product_cat","embeddable":true,"href":"https:\/\/peaceful-morse.87-106-168-45.plesk.page\/index.php\/wp-json\/wp\/v2\/product_cat?post=401"},{"taxonomy":"product_tag","embeddable":true,"href":"https:\/\/peaceful-morse.87-106-168-45.plesk.page\/index.php\/wp-json\/wp\/v2\/product_tag?post=401"}],"curies":[{"name":"wp","href":"https:\/\/api.w.org\/{rel}","templated":true}]}}