{"id":400,"date":"2026-03-04T14:42:02","date_gmt":"2026-03-04T14:42:02","guid":{"rendered":"https:\/\/peaceful-morse.87-106-168-45.plesk.page\/?post_type=product&#038;p=400"},"modified":"2026-03-04T14:49:20","modified_gmt":"2026-03-04T14:49:20","slug":"tablette-praline-pistache-salee-chocolat-noir","status":"publish","type":"product","link":"https:\/\/peaceful-morse.87-106-168-45.plesk.page\/index.php\/product\/tablette-praline-pistache-salee-chocolat-noir\/","title":{"rendered":"Tablette Pralin\u00e9 pistache sal\u00e9e &#8211; chocolat noir"},"content":{"rendered":"<p>Travaill\u00e9e avec un chocolat noir Cara\u00efbes 66%, cette Tablette illustre tout le savoir-faire p\u00e2tissier de la Maison. Celui-ci a voulu partager ses plus grands souvenirs p\u00e2tissiers, pour nous replonger dans l\u2019enfance. Gr\u00e2ce \u00e0 l\u2019emploi de l\u2019eau de bouleau, vertueuse pour la sant\u00e9 et naturellement sucr\u00e9e.<\/p>\n<p>Savourez un moment d&rsquo;exception gr\u00e2ce \u00e0 notre chocolat gastronomique.<\/p>\n<p>Une cr\u00e9ation 3 \u00e9toiles \u00e0 port\u00e9e de main.<\/p>\n","protected":false},"excerpt":{"rendered":"<p>Une g\u00e9n\u00e9reuse garniture de pistache d\u2019Iran, pistache vertes de Bronte et pistache sal\u00e9e enrob\u00e9es d&rsquo;un d\u00e9licieux chocolat noir.<\/p>\n<p>\u00ab\u00a0Un amour d\u00e9clar\u00e9 \u00e0 la pistache, avec 3 vari\u00e9t\u00e9s diff\u00e9rentes : la salinit\u00e9 de la pistache ap\u00e9ritive, la puissance de la pistache de l&rsquo;Iran et la complexit\u00e9 de celle de Sicile.\u00a0\u00bb<\/p>\n","protected":false},"featured_media":738,"comment_status":"closed","ping_status":"closed","template":"","meta":{"_acf_changed":false},"product_cat":[72,82],"product_tag":[],"class_list":{"0":"post-400","1":"product","2":"type-product","3":"status-publish","4":"has-post-thumbnail","6":"product_cat-tablettes","7":"product_cat-tablettes-gourmandes","9":"first","10":"instock","11":"shipping-taxable","12":"purchasable","13":"product-type-simple","swatches":"rey-swatches","show_selected":""},"acf":[],"_links":{"self":[{"href":"https:\/\/peaceful-morse.87-106-168-45.plesk.page\/index.php\/wp-json\/wp\/v2\/product\/400","targetHints":{"allow":["GET"]}}],"collection":[{"href":"https:\/\/peaceful-morse.87-106-168-45.plesk.page\/index.php\/wp-json\/wp\/v2\/product"}],"about":[{"href":"https:\/\/peaceful-morse.87-106-168-45.plesk.page\/index.php\/wp-json\/wp\/v2\/types\/product"}],"replies":[{"embeddable":true,"href":"https:\/\/peaceful-morse.87-106-168-45.plesk.page\/index.php\/wp-json\/wp\/v2\/comments?post=400"}],"wp:featuredmedia":[{"embeddable":true,"href":"https:\/\/peaceful-morse.87-106-168-45.plesk.page\/index.php\/wp-json\/wp\/v2\/media\/738"}],"wp:attachment":[{"href":"https:\/\/peaceful-morse.87-106-168-45.plesk.page\/index.php\/wp-json\/wp\/v2\/media?parent=400"}],"wp:term":[{"taxonomy":"product_cat","embeddable":true,"href":"https:\/\/peaceful-morse.87-106-168-45.plesk.page\/index.php\/wp-json\/wp\/v2\/product_cat?post=400"},{"taxonomy":"product_tag","embeddable":true,"href":"https:\/\/peaceful-morse.87-106-168-45.plesk.page\/index.php\/wp-json\/wp\/v2\/product_tag?post=400"}],"curies":[{"name":"wp","href":"https:\/\/api.w.org\/{rel}","templated":true}]}}