{"id":375,"date":"2026-03-04T14:40:58","date_gmt":"2026-03-04T14:40:58","guid":{"rendered":"https:\/\/peaceful-morse.87-106-168-45.plesk.page\/?post_type=product&#038;p=375"},"modified":"2026-03-04T14:44:23","modified_gmt":"2026-03-04T14:44:23","slug":"coffret-de-2-sticks","status":"publish","type":"product","link":"https:\/\/peaceful-morse.87-106-168-45.plesk.page\/index.php\/product\/coffret-de-2-sticks\/","title":{"rendered":"Coffret de 2 Sticks"},"content":{"rendered":"<p>Les Sticks se d\u00e9clinent telle une v\u00e9ritable palette de couleurs, aux go\u00fbts originaux et cr\u00e9atifs.<\/p>\n<p>Des sticks fins et \u00e9l\u00e9gants, renfermant un pralin\u00e9 travaill\u00e9 \u00e0 l&rsquo;extrait d&rsquo;\u00e9corce de bouleau.<\/p>\n<p>Parfum : Pralin\u00e9 Noisette agrume et chocolat noir \/ Pralin\u00e9 Noix de coco et chocolat au lait.<\/p>\n<p><em>343,75\u20ac\/kg<\/em><\/p>\n","protected":false},"excerpt":{"rendered":"<p>Les Sticks se d\u00e9clinent telle une v\u00e9ritable palette de couleurs, aux go\u00fbts originaux et cr\u00e9atifs.<\/p>\n<p>Id\u00e9al pour ornementer vos tables de r\u00e9ception, ce coffret renferme deux sticks fins et \u00e9l\u00e9gants pralin\u00e9s.<\/p>\n","protected":false},"featured_media":502,"comment_status":"closed","ping_status":"closed","template":"","meta":{"_acf_changed":false},"product_cat":[59,56,60],"product_tag":[],"class_list":{"0":"post-375","1":"product","2":"type-product","3":"status-publish","4":"has-post-thumbnail","6":"product_cat-incontournables","7":"product_cat-les-coffrets-de-chocolat","8":"product_cat-sticks","10":"first","11":"instock","12":"shipping-taxable","13":"purchasable","14":"product-type-simple","swatches":"rey-swatches","show_selected":""},"acf":[],"_links":{"self":[{"href":"https:\/\/peaceful-morse.87-106-168-45.plesk.page\/index.php\/wp-json\/wp\/v2\/product\/375","targetHints":{"allow":["GET"]}}],"collection":[{"href":"https:\/\/peaceful-morse.87-106-168-45.plesk.page\/index.php\/wp-json\/wp\/v2\/product"}],"about":[{"href":"https:\/\/peaceful-morse.87-106-168-45.plesk.page\/index.php\/wp-json\/wp\/v2\/types\/product"}],"replies":[{"embeddable":true,"href":"https:\/\/peaceful-morse.87-106-168-45.plesk.page\/index.php\/wp-json\/wp\/v2\/comments?post=375"}],"wp:featuredmedia":[{"embeddable":true,"href":"https:\/\/peaceful-morse.87-106-168-45.plesk.page\/index.php\/wp-json\/wp\/v2\/media\/502"}],"wp:attachment":[{"href":"https:\/\/peaceful-morse.87-106-168-45.plesk.page\/index.php\/wp-json\/wp\/v2\/media?parent=375"}],"wp:term":[{"taxonomy":"product_cat","embeddable":true,"href":"https:\/\/peaceful-morse.87-106-168-45.plesk.page\/index.php\/wp-json\/wp\/v2\/product_cat?post=375"},{"taxonomy":"product_tag","embeddable":true,"href":"https:\/\/peaceful-morse.87-106-168-45.plesk.page\/index.php\/wp-json\/wp\/v2\/product_tag?post=375"}],"curies":[{"name":"wp","href":"https:\/\/api.w.org\/{rel}","templated":true}]}}