{"id":374,"date":"2026-03-04T14:40:58","date_gmt":"2026-03-04T14:40:58","guid":{"rendered":"https:\/\/peaceful-morse.87-106-168-45.plesk.page\/?post_type=product&#038;p=374"},"modified":"2026-03-04T14:49:30","modified_gmt":"2026-03-04T14:49:30","slug":"tablette-au-chocolat-noir-et-confit-dananas","status":"publish","type":"product","link":"https:\/\/peaceful-morse.87-106-168-45.plesk.page\/index.php\/product\/tablette-au-chocolat-noir-et-confit-dananas\/","title":{"rendered":"Tablette au chocolat noir et confit d\u2019ananas"},"content":{"rendered":"<p>Un bel \u00e9quilibre et une alliance surprenante entre un chocolat noir de Cara\u00efbes 66% et de l&rsquo;ananas confit \u00e0 l&rsquo;extrait d&rsquo;\u00e9corce de bouleau.<br \/>\nUne tablette qui joue sur les contrastes de go\u00fbts et de textures pour une alliance d\u00e9licieuse.<\/p>\n<p>Savourez un moment d&rsquo;exception gr\u00e2ce \u00e0 notre chocolat gastronomique.<\/p>\n<p>Une cr\u00e9ation 3 \u00e9toiles \u00e0 port\u00e9e de main.<\/p>\n<p><span data-olk-copy-source=\"MessageBody\">250\u20ac\/kg<\/span><\/p>\n","protected":false},"excerpt":{"rendered":"<p>La douceur et la g\u00e9n\u00e9rosit\u00e9 du confit d&rsquo;ananas s&rsquo;associent avec \u00e9l\u00e9gance \u00e0 la rondeur du chocolat noir pour un irr\u00e9sistible moment de d\u00e9gustation.<\/p>\n<p>\u00ab\u00a0Toute la beaut\u00e9 de ce produit r\u00e9side dans la complexit\u00e9 d&rsquo;une maturation de 6 mois d&rsquo;un confit d&rsquo;ananas et la finesse d&rsquo;un chocolat pur et floral\u00a0\u00bb<\/p>\n","protected":false},"featured_media":746,"comment_status":"closed","ping_status":"closed","template":"","meta":{"_acf_changed":false},"product_cat":[71,72,89],"product_tag":[],"class_list":{"0":"post-374","1":"product","2":"type-product","3":"status-publish","4":"has-post-thumbnail","6":"product_cat-la-collection-dete","7":"product_cat-tablettes","8":"product_cat-tablettes-mendiants","10":"first","11":"outofstock","12":"shipping-taxable","13":"purchasable","14":"product-type-simple","swatches":"rey-swatches","show_selected":""},"acf":[],"_links":{"self":[{"href":"https:\/\/peaceful-morse.87-106-168-45.plesk.page\/index.php\/wp-json\/wp\/v2\/product\/374","targetHints":{"allow":["GET"]}}],"collection":[{"href":"https:\/\/peaceful-morse.87-106-168-45.plesk.page\/index.php\/wp-json\/wp\/v2\/product"}],"about":[{"href":"https:\/\/peaceful-morse.87-106-168-45.plesk.page\/index.php\/wp-json\/wp\/v2\/types\/product"}],"replies":[{"embeddable":true,"href":"https:\/\/peaceful-morse.87-106-168-45.plesk.page\/index.php\/wp-json\/wp\/v2\/comments?post=374"}],"wp:featuredmedia":[{"embeddable":true,"href":"https:\/\/peaceful-morse.87-106-168-45.plesk.page\/index.php\/wp-json\/wp\/v2\/media\/746"}],"wp:attachment":[{"href":"https:\/\/peaceful-morse.87-106-168-45.plesk.page\/index.php\/wp-json\/wp\/v2\/media?parent=374"}],"wp:term":[{"taxonomy":"product_cat","embeddable":true,"href":"https:\/\/peaceful-morse.87-106-168-45.plesk.page\/index.php\/wp-json\/wp\/v2\/product_cat?post=374"},{"taxonomy":"product_tag","embeddable":true,"href":"https:\/\/peaceful-morse.87-106-168-45.plesk.page\/index.php\/wp-json\/wp\/v2\/product_tag?post=374"}],"curies":[{"name":"wp","href":"https:\/\/api.w.org\/{rel}","templated":true}]}}