{"id":299,"date":"2026-03-04T14:39:23","date_gmt":"2026-03-04T14:39:23","guid":{"rendered":"https:\/\/peaceful-morse.87-106-168-45.plesk.page\/?post_type=product&#038;p=299"},"modified":"2026-03-04T14:48:50","modified_gmt":"2026-03-04T14:48:50","slug":"coffret-de-3-gousses-de-vanille","status":"publish","type":"product","link":"https:\/\/peaceful-morse.87-106-168-45.plesk.page\/index.php\/product\/coffret-de-3-gousses-de-vanille\/","title":{"rendered":"Coffret de 3 Gousses de vanille"},"content":{"rendered":"<p>L\u2019exigence de qualit\u00e9 dans le produit contribue \u00e0 l\u2019extr\u00eame finesse de cette r\u00e9alisation : la fine coque en chocolat s\u2019harmonise \u00e0 la perfection \u00e0 l\u2019intensit\u00e9 de la vanille de Tahiti. Dans leur \u00e9l\u00e9gant coffret sur-mesure, les gousses de vanille sont parfaites pour offrir en toute occasion. Notre best-seller !<\/p>\n<p>Savourez un moment d&rsquo;exception gr\u00e2ce \u00e0 notre chocolat gastronomique.<\/p>\n<p>Une cr\u00e9ation 3 \u00e9toiles \u00e0 port\u00e9e de main.<\/p>\n","protected":false},"excerpt":{"rendered":"<p>Chaque gousse de vanille au chocolat contient l\u2019\u00e9quivalent d\u2019une vraie gousse de vanille de Tahiti. En bouche, le caviar de vanille s\u2019apparente \u00e0 une v\u00e9ritable sauce, l\u00e9g\u00e8re et onctueuse.<\/p>\n<p>\u00ab\u00a0J&rsquo;ai voulu rendre hommage \u00e0 une vanille extraordinaire, celle de Tahiti, que m&rsquo;apporte mon ami Alain Abel.\u00a0\u00bb<\/p>\n","protected":false},"featured_media":714,"comment_status":"closed","ping_status":"closed","template":"","meta":{"_acf_changed":false},"product_cat":[86,59],"product_tag":[],"class_list":{"0":"post-299","1":"product","2":"type-product","3":"status-publish","4":"has-post-thumbnail","6":"product_cat-gousses-de-vanille","7":"product_cat-incontournables","9":"first","10":"instock","11":"shipping-taxable","12":"purchasable","13":"product-type-simple","swatches":"rey-swatches","show_selected":""},"acf":[],"_links":{"self":[{"href":"https:\/\/peaceful-morse.87-106-168-45.plesk.page\/index.php\/wp-json\/wp\/v2\/product\/299","targetHints":{"allow":["GET"]}}],"collection":[{"href":"https:\/\/peaceful-morse.87-106-168-45.plesk.page\/index.php\/wp-json\/wp\/v2\/product"}],"about":[{"href":"https:\/\/peaceful-morse.87-106-168-45.plesk.page\/index.php\/wp-json\/wp\/v2\/types\/product"}],"replies":[{"embeddable":true,"href":"https:\/\/peaceful-morse.87-106-168-45.plesk.page\/index.php\/wp-json\/wp\/v2\/comments?post=299"}],"wp:featuredmedia":[{"embeddable":true,"href":"https:\/\/peaceful-morse.87-106-168-45.plesk.page\/index.php\/wp-json\/wp\/v2\/media\/714"}],"wp:attachment":[{"href":"https:\/\/peaceful-morse.87-106-168-45.plesk.page\/index.php\/wp-json\/wp\/v2\/media?parent=299"}],"wp:term":[{"taxonomy":"product_cat","embeddable":true,"href":"https:\/\/peaceful-morse.87-106-168-45.plesk.page\/index.php\/wp-json\/wp\/v2\/product_cat?post=299"},{"taxonomy":"product_tag","embeddable":true,"href":"https:\/\/peaceful-morse.87-106-168-45.plesk.page\/index.php\/wp-json\/wp\/v2\/product_tag?post=299"}],"curies":[{"name":"wp","href":"https:\/\/api.w.org\/{rel}","templated":true}]}}