{"id":290,"date":"2026-03-04T14:39:23","date_gmt":"2026-03-04T14:39:23","guid":{"rendered":"https:\/\/peaceful-morse.87-106-168-45.plesk.page\/?post_type=product&#038;p=290"},"modified":"2026-03-04T14:45:43","modified_gmt":"2026-03-04T14:45:43","slug":"coffret-de-10-sables-bretons-chocolat-noir-et-lait","status":"publish","type":"product","link":"https:\/\/peaceful-morse.87-106-168-45.plesk.page\/index.php\/product\/coffret-de-10-sables-bretons-chocolat-noir-et-lait\/","title":{"rendered":"Coffret de 10 Sabl\u00e9s bretons &#8211; chocolat noir et lait"},"content":{"rendered":"<p>Le sabl\u00e9 gourmand enrob\u00e9 de chocolat est une gourmandise \u00e0 l&rsquo;\u00e9tat pur. Une alliance savoureuse entre un chocolat noir et un sabl\u00e9 \u00e0 la noisette, pour une d\u00e9gustation d\u00e9licieusement r\u00e9gressive.<\/p>\n<p>Savourez un moment d&rsquo;exception gr\u00e2ce \u00e0 notre chocolat gastronomique.<\/p>\n<p>Une cr\u00e9ation 3 \u00e9toiles \u00e0 port\u00e9e de main.<\/p>\n","protected":false},"excerpt":{"rendered":"<p>Revenir \u00e0 l\u2019origine des produits, \u00e0 l\u2019origine des saveurs. Le sabl\u00e9 fait partie de ces recettes incontournables de notre enfance. Un hommage \u00e0 un intemporel.<\/p>\n<p>\u00ab\u00a0C&rsquo;est ma gourmandise favorite. C&rsquo;est un plaisir imm\u00e9diat qui me ram\u00e8ne en enfance et qui me fait plaisir.\u00a0\u00bb &#8211; Yannick All\u00e9no<\/p>\n","protected":false},"featured_media":583,"comment_status":"closed","ping_status":"closed","template":"","meta":{"_acf_changed":false},"product_cat":[68,62,70],"product_tag":[],"class_list":{"0":"post-290","1":"product","2":"type-product","3":"status-publish","4":"has-post-thumbnail","6":"product_cat-gouter","7":"product_cat-petits-plaisirs","8":"product_cat-sables-bretons","10":"first","11":"instock","12":"shipping-taxable","13":"purchasable","14":"product-type-simple","swatches":"rey-swatches","show_selected":""},"acf":[],"_links":{"self":[{"href":"https:\/\/peaceful-morse.87-106-168-45.plesk.page\/index.php\/wp-json\/wp\/v2\/product\/290","targetHints":{"allow":["GET"]}}],"collection":[{"href":"https:\/\/peaceful-morse.87-106-168-45.plesk.page\/index.php\/wp-json\/wp\/v2\/product"}],"about":[{"href":"https:\/\/peaceful-morse.87-106-168-45.plesk.page\/index.php\/wp-json\/wp\/v2\/types\/product"}],"replies":[{"embeddable":true,"href":"https:\/\/peaceful-morse.87-106-168-45.plesk.page\/index.php\/wp-json\/wp\/v2\/comments?post=290"}],"wp:featuredmedia":[{"embeddable":true,"href":"https:\/\/peaceful-morse.87-106-168-45.plesk.page\/index.php\/wp-json\/wp\/v2\/media\/583"}],"wp:attachment":[{"href":"https:\/\/peaceful-morse.87-106-168-45.plesk.page\/index.php\/wp-json\/wp\/v2\/media?parent=290"}],"wp:term":[{"taxonomy":"product_cat","embeddable":true,"href":"https:\/\/peaceful-morse.87-106-168-45.plesk.page\/index.php\/wp-json\/wp\/v2\/product_cat?post=290"},{"taxonomy":"product_tag","embeddable":true,"href":"https:\/\/peaceful-morse.87-106-168-45.plesk.page\/index.php\/wp-json\/wp\/v2\/product_tag?post=290"}],"curies":[{"name":"wp","href":"https:\/\/api.w.org\/{rel}","templated":true}]}}