{"id":255,"date":"2026-03-04T14:38:39","date_gmt":"2026-03-04T14:38:39","guid":{"rendered":"https:\/\/peaceful-morse.87-106-168-45.plesk.page\/?post_type=product&#038;p=255"},"modified":"2026-03-04T14:40:18","modified_gmt":"2026-03-04T14:40:18","slug":"fines-orangettes","status":"publish","type":"product","link":"https:\/\/peaceful-morse.87-106-168-45.plesk.page\/index.php\/product\/fines-orangettes\/","title":{"rendered":"Fines orangettes"},"content":{"rendered":"<p>Les oranges acqui\u00e8rent, gr\u00e2ce \u00e0 l\u2019extrait d&rsquo;\u00e9corce de bouleau, une texture fondante et juteuse \u00e0 l\u2019int\u00e9rieur tandis que les contours se sont cristallis\u00e9s.<\/p>\n<p>Les orangettes ainsi obtenues sont ensuite tremp\u00e9es dans un chocolat noir 66% Cara\u00efbes, avant d\u2019\u00eatre press\u00e9es afin d\u2019obtenir une finesse incomparable.<\/p>\n<p>Savourez un moment d&rsquo;exception gr\u00e2ce \u00e0 notre chocolat gastronomique.<\/p>\n<p>Une cr\u00e9ation 3 \u00e9toiles \u00e0 port\u00e9e de main.<\/p>\n","protected":false},"excerpt":{"rendered":"<p>Taill\u00e9es en fines tranches, les oranges confites \u00e0 la texture fondante sont ensuite enrob\u00e9es d&rsquo;un d\u00e9licieux chocolat noir.<\/p>\n<p>\u00ab\u00a0Le lien le plus simple et le plus droit entre le chocolat et le confit. Une \u00e9vidence.\u00a0\u00bb<\/p>\n","protected":false},"featured_media":341,"comment_status":"closed","ping_status":"closed","template":"","meta":{"_acf_changed":false},"product_cat":[65,67,53],"product_tag":[],"class_list":{"0":"post-255","1":"product","2":"type-product","3":"status-publish","4":"has-post-thumbnail","6":"product_cat-collection-de-noel","7":"product_cat-confits-chocolates","8":"product_cat-les-confits-de-fruits","10":"first","11":"outofstock","12":"shipping-taxable","13":"purchasable","14":"product-type-simple","swatches":"rey-swatches","show_selected":""},"acf":[],"_links":{"self":[{"href":"https:\/\/peaceful-morse.87-106-168-45.plesk.page\/index.php\/wp-json\/wp\/v2\/product\/255","targetHints":{"allow":["GET"]}}],"collection":[{"href":"https:\/\/peaceful-morse.87-106-168-45.plesk.page\/index.php\/wp-json\/wp\/v2\/product"}],"about":[{"href":"https:\/\/peaceful-morse.87-106-168-45.plesk.page\/index.php\/wp-json\/wp\/v2\/types\/product"}],"replies":[{"embeddable":true,"href":"https:\/\/peaceful-morse.87-106-168-45.plesk.page\/index.php\/wp-json\/wp\/v2\/comments?post=255"}],"wp:featuredmedia":[{"embeddable":true,"href":"https:\/\/peaceful-morse.87-106-168-45.plesk.page\/index.php\/wp-json\/wp\/v2\/media\/341"}],"wp:attachment":[{"href":"https:\/\/peaceful-morse.87-106-168-45.plesk.page\/index.php\/wp-json\/wp\/v2\/media?parent=255"}],"wp:term":[{"taxonomy":"product_cat","embeddable":true,"href":"https:\/\/peaceful-morse.87-106-168-45.plesk.page\/index.php\/wp-json\/wp\/v2\/product_cat?post=255"},{"taxonomy":"product_tag","embeddable":true,"href":"https:\/\/peaceful-morse.87-106-168-45.plesk.page\/index.php\/wp-json\/wp\/v2\/product_tag?post=255"}],"curies":[{"name":"wp","href":"https:\/\/api.w.org\/{rel}","templated":true}]}}