{"id":254,"date":"2026-03-04T14:38:39","date_gmt":"2026-03-04T14:38:39","guid":{"rendered":"https:\/\/peaceful-morse.87-106-168-45.plesk.page\/?post_type=product&#038;p=254"},"modified":"2026-03-04T14:40:16","modified_gmt":"2026-03-04T14:40:16","slug":"confit-de-clementine-safranee-chocolatee","status":"publish","type":"product","link":"https:\/\/peaceful-morse.87-106-168-45.plesk.page\/index.php\/product\/confit-de-clementine-safranee-chocolatee\/","title":{"rendered":"Confit de cl\u00e9mentine safran\u00e9e chocolat\u00e9e"},"content":{"rendered":"<p>La concentration du jus pr\u00e9sent dans les fruits que nous confisons \u00e0 pleine maturit\u00e9 permet d\u2019obtenir une texture in\u00e9dite. Ces confits de fruits sont ensuite enrob\u00e9s d\u00e9licatement d&rsquo;un chocolat noir 55% d&rsquo;origine Equateur.<\/p>\n","protected":false},"excerpt":{"rendered":"<p>Des cl\u00e9mentines de Corse ramass\u00e9es \u00e0 pleine maturit\u00e9 puis confites lentement. Elles sont ensuite enrob\u00e9es d\u2019une fine couche de chocolat noir et parsem\u00e9es de quelques pistils de safran pour un rendu subtil et d\u00e9licat.<\/p>\n<p>Il est recommand\u00e9 de consommer ce produit sous 1 mois, et de le conserver entre 15 et 17 degr\u00e9s, \u00e0 l&rsquo;abri de l&rsquo;humidit\u00e9 et des odeurs.<\/p>\n","protected":false},"featured_media":339,"comment_status":"closed","ping_status":"closed","template":"","meta":{"_acf_changed":false},"product_cat":[65,67,53],"product_tag":[],"class_list":{"0":"post-254","1":"product","2":"type-product","3":"status-publish","4":"has-post-thumbnail","6":"product_cat-collection-de-noel","7":"product_cat-confits-chocolates","8":"product_cat-les-confits-de-fruits","10":"first","11":"outofstock","12":"shipping-taxable","13":"purchasable","14":"product-type-simple","swatches":"rey-swatches","show_selected":""},"acf":[],"_links":{"self":[{"href":"https:\/\/peaceful-morse.87-106-168-45.plesk.page\/index.php\/wp-json\/wp\/v2\/product\/254","targetHints":{"allow":["GET"]}}],"collection":[{"href":"https:\/\/peaceful-morse.87-106-168-45.plesk.page\/index.php\/wp-json\/wp\/v2\/product"}],"about":[{"href":"https:\/\/peaceful-morse.87-106-168-45.plesk.page\/index.php\/wp-json\/wp\/v2\/types\/product"}],"replies":[{"embeddable":true,"href":"https:\/\/peaceful-morse.87-106-168-45.plesk.page\/index.php\/wp-json\/wp\/v2\/comments?post=254"}],"wp:featuredmedia":[{"embeddable":true,"href":"https:\/\/peaceful-morse.87-106-168-45.plesk.page\/index.php\/wp-json\/wp\/v2\/media\/339"}],"wp:attachment":[{"href":"https:\/\/peaceful-morse.87-106-168-45.plesk.page\/index.php\/wp-json\/wp\/v2\/media?parent=254"}],"wp:term":[{"taxonomy":"product_cat","embeddable":true,"href":"https:\/\/peaceful-morse.87-106-168-45.plesk.page\/index.php\/wp-json\/wp\/v2\/product_cat?post=254"},{"taxonomy":"product_tag","embeddable":true,"href":"https:\/\/peaceful-morse.87-106-168-45.plesk.page\/index.php\/wp-json\/wp\/v2\/product_tag?post=254"}],"curies":[{"name":"wp","href":"https:\/\/api.w.org\/{rel}","templated":true}]}}