{"id":241,"date":"2026-03-04T14:38:18","date_gmt":"2026-03-04T14:38:18","guid":{"rendered":"https:\/\/peaceful-morse.87-106-168-45.plesk.page\/?post_type=product&#038;p=241"},"modified":"2026-03-04T14:49:16","modified_gmt":"2026-03-04T14:49:16","slug":"tablette-praline-cafe-fort-chocolat-noir","status":"publish","type":"product","link":"https:\/\/peaceful-morse.87-106-168-45.plesk.page\/index.php\/product\/tablette-praline-cafe-fort-chocolat-noir\/","title":{"rendered":"Tablette Pralin\u00e9 caf\u00e9 fort &#8211; chocolat noir"},"content":{"rendered":"<p>Un \u00e9quilibre renversant et une alliance savoureuse entre un chocolat au lait Jivara 40% et un pralin\u00e9 riche en noisettes et grains de caf\u00e9 d&rsquo;Ethiopie.<br \/>\nLa texture se fait \u00e0 la fois craquante et g\u00e9n\u00e9reuse pour une d\u00e9gustation tout en gourmandise.<\/p>\n<p>Savourez un moment d&rsquo;exception gr\u00e2ce \u00e0 notre chocolat gastronomique.<\/p>\n<p>Une cr\u00e9ation 3 \u00e9toiles \u00e0 port\u00e9e de main.<\/p>\n","protected":false},"excerpt":{"rendered":"<p>La puissance des grains de caf\u00e9 \u00e9thiopiens s&rsquo;associe avec \u00e9l\u00e9gance \u00e0 la douceur de la noisette pour un parfait \u00e9quilibre en bouche.<\/p>\n<p>\u00ab\u00a0Nous avons voulu revisiter le chocolat traditionnel au caf\u00e9 : en transformant le grain directement en pralin\u00e9, nous avons obtenu une p\u00e2te d&rsquo;une intensit\u00e9 incomparable qui se marie parfaitement avec le chocolat.\u00a0\u00bb<\/p>\n","protected":false},"featured_media":733,"comment_status":"closed","ping_status":"closed","template":"","meta":{"_acf_changed":false},"product_cat":[82],"product_tag":[],"class_list":{"0":"post-241","1":"product","2":"type-product","3":"status-publish","4":"has-post-thumbnail","6":"product_cat-tablettes-gourmandes","8":"first","9":"instock","10":"shipping-taxable","11":"purchasable","12":"product-type-simple","swatches":"rey-swatches","show_selected":""},"acf":[],"_links":{"self":[{"href":"https:\/\/peaceful-morse.87-106-168-45.plesk.page\/index.php\/wp-json\/wp\/v2\/product\/241","targetHints":{"allow":["GET"]}}],"collection":[{"href":"https:\/\/peaceful-morse.87-106-168-45.plesk.page\/index.php\/wp-json\/wp\/v2\/product"}],"about":[{"href":"https:\/\/peaceful-morse.87-106-168-45.plesk.page\/index.php\/wp-json\/wp\/v2\/types\/product"}],"replies":[{"embeddable":true,"href":"https:\/\/peaceful-morse.87-106-168-45.plesk.page\/index.php\/wp-json\/wp\/v2\/comments?post=241"}],"wp:featuredmedia":[{"embeddable":true,"href":"https:\/\/peaceful-morse.87-106-168-45.plesk.page\/index.php\/wp-json\/wp\/v2\/media\/733"}],"wp:attachment":[{"href":"https:\/\/peaceful-morse.87-106-168-45.plesk.page\/index.php\/wp-json\/wp\/v2\/media?parent=241"}],"wp:term":[{"taxonomy":"product_cat","embeddable":true,"href":"https:\/\/peaceful-morse.87-106-168-45.plesk.page\/index.php\/wp-json\/wp\/v2\/product_cat?post=241"},{"taxonomy":"product_tag","embeddable":true,"href":"https:\/\/peaceful-morse.87-106-168-45.plesk.page\/index.php\/wp-json\/wp\/v2\/product_tag?post=241"}],"curies":[{"name":"wp","href":"https:\/\/api.w.org\/{rel}","templated":true}]}}