{"id":240,"date":"2026-03-04T14:38:18","date_gmt":"2026-03-04T14:38:18","guid":{"rendered":"https:\/\/peaceful-morse.87-106-168-45.plesk.page\/?post_type=product&#038;p=240"},"modified":"2026-03-04T14:48:34","modified_gmt":"2026-03-04T14:48:34","slug":"coffret-collection-de-32-pralines-et-36-ganaches","status":"publish","type":"product","link":"https:\/\/peaceful-morse.87-106-168-45.plesk.page\/index.php\/product\/coffret-collection-de-32-pralines-et-36-ganaches\/","title":{"rendered":"Coffret Collection de 32 Pralin\u00e9s et 36 Ganaches"},"content":{"rendered":"<p>Un coffret pour les grands amateurs de fins chocolats. Lors de sa fabrication, le chocolat n\u00e9cessite une vingtaine d\u2019\u00e9tapes de fabrication, chacune requ\u00e9rant la plus grande pr\u00e9cision.<\/p>\n<p>Le chocolat d\u2019exception tel que l\u2019envisage le Chef Yannick All\u00e9no demande la ma\u00eetrise de nombreux param\u00e8tres, dont l\u2019hygrom\u00e9trie et la temp\u00e9rature, mais aussi la pr\u00e9cision de chaque geste.<\/p>\n","protected":false},"excerpt":{"rendered":"<p>Les Pralin\u00e9s sont sabl\u00e9s \u00e0 l\u2019eau de bouleau et travaill\u00e9s \u00e0 partir des fines \u00e9corces des f\u00e8ves de cacao, ce qui leur conf\u00e8re un craquant unique et subtil. Les Ganaches sont revisit\u00e9es tout en l\u00e9g\u00e8ret\u00e9 et sans sucre \u00e0 l\u2019int\u00e9rieur.<br \/>\nElles doivent leur texture fondante et leurs saveurs franches aux m\u00e9thodes d\u2019extraction des sauces h\u00e9rit\u00e9es du Chef Yannick All\u00e9no.<\/p>\n<p>\u00ab\u00a0Un \u00e9cho au travail des sauces du Chef Yannick All\u00e9no.\u00a0\u00bb<\/p>\n","protected":false},"featured_media":703,"comment_status":"closed","ping_status":"closed","template":"","meta":{"_acf_changed":false},"product_cat":[66,56],"product_tag":[],"class_list":{"0":"post-240","1":"product","2":"type-product","3":"status-publish","4":"has-post-thumbnail","6":"product_cat-coffrets-collection-ganaches-et-pralines","7":"product_cat-les-coffrets-de-chocolat","9":"first","10":"instock","11":"shipping-taxable","12":"purchasable","13":"product-type-simple","swatches":"rey-swatches","show_selected":""},"acf":[],"_links":{"self":[{"href":"https:\/\/peaceful-morse.87-106-168-45.plesk.page\/index.php\/wp-json\/wp\/v2\/product\/240","targetHints":{"allow":["GET"]}}],"collection":[{"href":"https:\/\/peaceful-morse.87-106-168-45.plesk.page\/index.php\/wp-json\/wp\/v2\/product"}],"about":[{"href":"https:\/\/peaceful-morse.87-106-168-45.plesk.page\/index.php\/wp-json\/wp\/v2\/types\/product"}],"replies":[{"embeddable":true,"href":"https:\/\/peaceful-morse.87-106-168-45.plesk.page\/index.php\/wp-json\/wp\/v2\/comments?post=240"}],"wp:featuredmedia":[{"embeddable":true,"href":"https:\/\/peaceful-morse.87-106-168-45.plesk.page\/index.php\/wp-json\/wp\/v2\/media\/703"}],"wp:attachment":[{"href":"https:\/\/peaceful-morse.87-106-168-45.plesk.page\/index.php\/wp-json\/wp\/v2\/media?parent=240"}],"wp:term":[{"taxonomy":"product_cat","embeddable":true,"href":"https:\/\/peaceful-morse.87-106-168-45.plesk.page\/index.php\/wp-json\/wp\/v2\/product_cat?post=240"},{"taxonomy":"product_tag","embeddable":true,"href":"https:\/\/peaceful-morse.87-106-168-45.plesk.page\/index.php\/wp-json\/wp\/v2\/product_tag?post=240"}],"curies":[{"name":"wp","href":"https:\/\/api.w.org\/{rel}","templated":true}]}}