{"id":239,"date":"2026-03-04T14:38:18","date_gmt":"2026-03-04T14:38:18","guid":{"rendered":"https:\/\/peaceful-morse.87-106-168-45.plesk.page\/?post_type=product&#038;p=239"},"modified":"2026-03-04T14:40:15","modified_gmt":"2026-03-04T14:40:15","slug":"confit-dananas-chocolate","status":"publish","type":"product","link":"https:\/\/peaceful-morse.87-106-168-45.plesk.page\/index.php\/product\/confit-dananas-chocolate\/","title":{"rendered":"Confit d&rsquo;ananas chocolat\u00e9"},"content":{"rendered":"<p>L\u2019ananas n\u00e9cessite un temps de mac\u00e9ration qui varie en fonction de l\u2019hygrom\u00e9trie et de la temp\u00e9rature ambiante, suivi d\u2019un temps de maturation bien pr\u00e9cis.<\/p>\n<p>Savourez un moment d&rsquo;exception gr\u00e2ce \u00e0 notre chocolat gastronomique.<\/p>\n<p>Une cr\u00e9ation 3 \u00e9toiles \u00e0 port\u00e9e de main.<\/p>\n","protected":false},"excerpt":{"rendered":"<p>Coup\u00e9s en fines tranches, les ananas confits \u00e0 la texture fondante sont enrob\u00e9s d&rsquo;un d\u00e9licieux chocolat noir.<\/p>\n","protected":false},"featured_media":337,"comment_status":"closed","ping_status":"closed","template":"","meta":{"_acf_changed":false},"product_cat":[67,53],"product_tag":[],"class_list":{"0":"post-239","1":"product","2":"type-product","3":"status-publish","4":"has-post-thumbnail","6":"product_cat-confits-chocolates","7":"product_cat-les-confits-de-fruits","9":"first","10":"instock","11":"shipping-taxable","12":"purchasable","13":"product-type-simple","swatches":"rey-swatches","show_selected":""},"acf":[],"_links":{"self":[{"href":"https:\/\/peaceful-morse.87-106-168-45.plesk.page\/index.php\/wp-json\/wp\/v2\/product\/239","targetHints":{"allow":["GET"]}}],"collection":[{"href":"https:\/\/peaceful-morse.87-106-168-45.plesk.page\/index.php\/wp-json\/wp\/v2\/product"}],"about":[{"href":"https:\/\/peaceful-morse.87-106-168-45.plesk.page\/index.php\/wp-json\/wp\/v2\/types\/product"}],"replies":[{"embeddable":true,"href":"https:\/\/peaceful-morse.87-106-168-45.plesk.page\/index.php\/wp-json\/wp\/v2\/comments?post=239"}],"wp:featuredmedia":[{"embeddable":true,"href":"https:\/\/peaceful-morse.87-106-168-45.plesk.page\/index.php\/wp-json\/wp\/v2\/media\/337"}],"wp:attachment":[{"href":"https:\/\/peaceful-morse.87-106-168-45.plesk.page\/index.php\/wp-json\/wp\/v2\/media?parent=239"}],"wp:term":[{"taxonomy":"product_cat","embeddable":true,"href":"https:\/\/peaceful-morse.87-106-168-45.plesk.page\/index.php\/wp-json\/wp\/v2\/product_cat?post=239"},{"taxonomy":"product_tag","embeddable":true,"href":"https:\/\/peaceful-morse.87-106-168-45.plesk.page\/index.php\/wp-json\/wp\/v2\/product_tag?post=239"}],"curies":[{"name":"wp","href":"https:\/\/api.w.org\/{rel}","templated":true}]}}