{"id":236,"date":"2026-03-04T14:38:18","date_gmt":"2026-03-04T14:38:18","guid":{"rendered":"https:\/\/peaceful-morse.87-106-168-45.plesk.page\/?post_type=product&#038;p=236"},"modified":"2026-03-04T14:40:12","modified_gmt":"2026-03-04T14:40:12","slug":"orangettes-croustillantes","status":"publish","type":"product","link":"https:\/\/peaceful-morse.87-106-168-45.plesk.page\/index.php\/product\/orangettes-croustillantes\/","title":{"rendered":"Orangettes croustillantes"},"content":{"rendered":"<p>Taill\u00e9es en fines tranches, les oranges acqui\u00e8rent, gr\u00e2ce \u00e0 l&rsquo;extrait d&rsquo;\u00e9corce de bouleau, une texture fondante et juteuse \u00e0 l\u2019int\u00e9rieur tandis que les contours se sont cristallis\u00e9s. Les orangettes ainsi obtenues sont ensuite garnies d&rsquo;un pralin\u00e9, puis tremp\u00e9es dans un chocolat noir, avant d\u2019\u00eatre press\u00e9es afin d\u2019obtenir une finesse incomparable.<\/p>\n<p>Savourez un moment d&rsquo;exception gr\u00e2ce \u00e0 notre chocolat gastronomique.<\/p>\n<p>Une cr\u00e9ation 3 \u00e9toiles \u00e0 port\u00e9e de main.<\/p>\n<p>158,33 <em>\u20ac\/kg<\/em><\/p>\n<p>&nbsp;<\/p>\n","protected":false},"excerpt":{"rendered":"<p>Taill\u00e9es en fines tranches, les oranges confites g\u00e9n\u00e9reusement remplies d\u2019un pralin\u00e9 aux noisettes sont enrob\u00e9es de chocolat.<\/p>\n<p>Un d\u00e9lice \u00e0 la d\u00e9gustation.<\/p>\n","protected":false},"featured_media":334,"comment_status":"closed","ping_status":"closed","template":"","meta":{"_acf_changed":false},"product_cat":[65,67,53],"product_tag":[],"class_list":{"0":"post-236","1":"product","2":"type-product","3":"status-publish","4":"has-post-thumbnail","6":"product_cat-collection-de-noel","7":"product_cat-confits-chocolates","8":"product_cat-les-confits-de-fruits","10":"first","11":"instock","12":"shipping-taxable","13":"purchasable","14":"product-type-simple","swatches":"rey-swatches","show_selected":""},"acf":[],"_links":{"self":[{"href":"https:\/\/peaceful-morse.87-106-168-45.plesk.page\/index.php\/wp-json\/wp\/v2\/product\/236","targetHints":{"allow":["GET"]}}],"collection":[{"href":"https:\/\/peaceful-morse.87-106-168-45.plesk.page\/index.php\/wp-json\/wp\/v2\/product"}],"about":[{"href":"https:\/\/peaceful-morse.87-106-168-45.plesk.page\/index.php\/wp-json\/wp\/v2\/types\/product"}],"replies":[{"embeddable":true,"href":"https:\/\/peaceful-morse.87-106-168-45.plesk.page\/index.php\/wp-json\/wp\/v2\/comments?post=236"}],"wp:featuredmedia":[{"embeddable":true,"href":"https:\/\/peaceful-morse.87-106-168-45.plesk.page\/index.php\/wp-json\/wp\/v2\/media\/334"}],"wp:attachment":[{"href":"https:\/\/peaceful-morse.87-106-168-45.plesk.page\/index.php\/wp-json\/wp\/v2\/media?parent=236"}],"wp:term":[{"taxonomy":"product_cat","embeddable":true,"href":"https:\/\/peaceful-morse.87-106-168-45.plesk.page\/index.php\/wp-json\/wp\/v2\/product_cat?post=236"},{"taxonomy":"product_tag","embeddable":true,"href":"https:\/\/peaceful-morse.87-106-168-45.plesk.page\/index.php\/wp-json\/wp\/v2\/product_tag?post=236"}],"curies":[{"name":"wp","href":"https:\/\/api.w.org\/{rel}","templated":true}]}}