{"id":206,"date":"2026-03-04T14:37:53","date_gmt":"2026-03-04T14:37:53","guid":{"rendered":"https:\/\/peaceful-morse.87-106-168-45.plesk.page\/?post_type=product&#038;p=206"},"modified":"2026-03-04T14:39:04","modified_gmt":"2026-03-04T14:39:04","slug":"mignardises-toquees-noir-pur","status":"publish","type":"product","link":"https:\/\/peaceful-morse.87-106-168-45.plesk.page\/index.php\/product\/mignardises-toquees-noir-pur\/","title":{"rendered":"Mignardises Toqu\u00e9es Noir &#8211; Pur"},"content":{"rendered":"<p><strong>Parfum\u00a0:<\/strong><\/p>\n<p><em>Cuill\u00e8re pure\u00a0:<\/em> Chocolat au noir Cara\u00efbe 66%.<\/p>\n<p><em>Casserole pure\u00a0:<\/em> Chocolat au noir P\u00e9rou 80%.<\/p>\n<p>&nbsp;<\/p>\n<p>A conserver \u00e0 l\u2019abris de l\u2019humidit\u00e9, 17\u00b0C, pendant 3 mois maximum.<\/p>\n<p>142,18\u20ac\/kg<\/p>\n<p>&nbsp;<\/p>\n","protected":false},"excerpt":{"rendered":"<p>Pour P\u00e2ques, le Chef s\u2019inspire des accessoires de cuisine embl\u00e9matiques, toques, cuill\u00e8res et casseroles, pour les d\u00e9cliner en mignardises chocolat\u00e9es.<\/p>\n<p>Une d\u00e9gustation en chocolat pur, jouant sur trois origines et quatre intensit\u00e9s.<\/p>\n","protected":false},"featured_media":276,"comment_status":"closed","ping_status":"closed","template":"","meta":{"_acf_changed":false},"product_cat":[54],"product_tag":[],"class_list":{"0":"post-206","1":"product","2":"type-product","3":"status-publish","4":"has-post-thumbnail","6":"product_cat-confits-de-fruits-nature","8":"first","9":"outofstock","10":"shipping-taxable","11":"purchasable","12":"product-type-simple","swatches":"rey-swatches","show_selected":""},"acf":[],"_links":{"self":[{"href":"https:\/\/peaceful-morse.87-106-168-45.plesk.page\/index.php\/wp-json\/wp\/v2\/product\/206","targetHints":{"allow":["GET"]}}],"collection":[{"href":"https:\/\/peaceful-morse.87-106-168-45.plesk.page\/index.php\/wp-json\/wp\/v2\/product"}],"about":[{"href":"https:\/\/peaceful-morse.87-106-168-45.plesk.page\/index.php\/wp-json\/wp\/v2\/types\/product"}],"replies":[{"embeddable":true,"href":"https:\/\/peaceful-morse.87-106-168-45.plesk.page\/index.php\/wp-json\/wp\/v2\/comments?post=206"}],"wp:featuredmedia":[{"embeddable":true,"href":"https:\/\/peaceful-morse.87-106-168-45.plesk.page\/index.php\/wp-json\/wp\/v2\/media\/276"}],"wp:attachment":[{"href":"https:\/\/peaceful-morse.87-106-168-45.plesk.page\/index.php\/wp-json\/wp\/v2\/media?parent=206"}],"wp:term":[{"taxonomy":"product_cat","embeddable":true,"href":"https:\/\/peaceful-morse.87-106-168-45.plesk.page\/index.php\/wp-json\/wp\/v2\/product_cat?post=206"},{"taxonomy":"product_tag","embeddable":true,"href":"https:\/\/peaceful-morse.87-106-168-45.plesk.page\/index.php\/wp-json\/wp\/v2\/product_tag?post=206"}],"curies":[{"name":"wp","href":"https:\/\/api.w.org\/{rel}","templated":true}]}}