{"id":204,"date":"2026-03-04T14:37:53","date_gmt":"2026-03-04T14:37:53","guid":{"rendered":"https:\/\/peaceful-morse.87-106-168-45.plesk.page\/?post_type=product&#038;p=204"},"modified":"2026-03-04T14:39:00","modified_gmt":"2026-03-04T14:39:00","slug":"mignardises-toquees-noir-praline","status":"publish","type":"product","link":"https:\/\/peaceful-morse.87-106-168-45.plesk.page\/index.php\/product\/mignardises-toquees-noir-praline\/","title":{"rendered":"Mignardises Toqu\u00e9es Noir &#8211; Pralin\u00e9"},"content":{"rendered":"<p><em>Petit \u0153uf dans la coque\u00a0:<\/em> Pralin\u00e9 riz souffl\u00e9, Chocolat noir Equatorial 55%.<\/p>\n<p><em>Toque\u00a0:<\/em> Pralin\u00e9 sarrasin grill\u00e9, Chocolat noir Equatorial 55%.<\/p>\n<p>&nbsp;<\/p>\n<p>A conserver \u00e0 l\u2019abris de l\u2019humidit\u00e9, 17\u00b0C, pendant 3 mois maximum.<\/p>\n<p>202,21\u20ac\/kg<\/p>\n","protected":false},"excerpt":{"rendered":"<p>Pour P\u00e2ques, le Chef s\u2019inspire des accessoires de cuisine embl\u00e9matiques, toques, cuill\u00e8res et casseroles, pour les d\u00e9cliner en mignardises chocolat\u00e9es.<\/p>\n","protected":false},"featured_media":272,"comment_status":"closed","ping_status":"closed","template":"","meta":{"_acf_changed":false},"product_cat":[54],"product_tag":[],"class_list":{"0":"post-204","1":"product","2":"type-product","3":"status-publish","4":"has-post-thumbnail","6":"product_cat-confits-de-fruits-nature","8":"first","9":"instock","10":"shipping-taxable","11":"purchasable","12":"product-type-simple","swatches":"rey-swatches","show_selected":""},"acf":[],"_links":{"self":[{"href":"https:\/\/peaceful-morse.87-106-168-45.plesk.page\/index.php\/wp-json\/wp\/v2\/product\/204","targetHints":{"allow":["GET"]}}],"collection":[{"href":"https:\/\/peaceful-morse.87-106-168-45.plesk.page\/index.php\/wp-json\/wp\/v2\/product"}],"about":[{"href":"https:\/\/peaceful-morse.87-106-168-45.plesk.page\/index.php\/wp-json\/wp\/v2\/types\/product"}],"replies":[{"embeddable":true,"href":"https:\/\/peaceful-morse.87-106-168-45.plesk.page\/index.php\/wp-json\/wp\/v2\/comments?post=204"}],"wp:featuredmedia":[{"embeddable":true,"href":"https:\/\/peaceful-morse.87-106-168-45.plesk.page\/index.php\/wp-json\/wp\/v2\/media\/272"}],"wp:attachment":[{"href":"https:\/\/peaceful-morse.87-106-168-45.plesk.page\/index.php\/wp-json\/wp\/v2\/media?parent=204"}],"wp:term":[{"taxonomy":"product_cat","embeddable":true,"href":"https:\/\/peaceful-morse.87-106-168-45.plesk.page\/index.php\/wp-json\/wp\/v2\/product_cat?post=204"},{"taxonomy":"product_tag","embeddable":true,"href":"https:\/\/peaceful-morse.87-106-168-45.plesk.page\/index.php\/wp-json\/wp\/v2\/product_tag?post=204"}],"curies":[{"name":"wp","href":"https:\/\/api.w.org\/{rel}","templated":true}]}}