{"id":202,"date":"2026-03-04T14:37:53","date_gmt":"2026-03-04T14:37:53","guid":{"rendered":"https:\/\/peaceful-morse.87-106-168-45.plesk.page\/?post_type=product&#038;p=202"},"modified":"2026-03-04T14:38:50","modified_gmt":"2026-03-04T14:38:50","slug":"coffret-irresistibles-mignardises-toquees-noir","status":"publish","type":"product","link":"https:\/\/peaceful-morse.87-106-168-45.plesk.page\/index.php\/product\/coffret-irresistibles-mignardises-toquees-noir\/","title":{"rendered":"Coffret Irr\u00e9sistibles &#8211; Mignardises Toqu\u00e9es Noir"},"content":{"rendered":"<p><strong>Parfum :<\/strong><\/p>\n<p><em>Toque\u00a0:<\/em> pralin\u00e9 sarrasin grill\u00e9, Chocolat noir Equatorial 55%.<\/p>\n<p><em>L\u2019\u0153uf dans la coque\u00a0:<\/em> pralin\u00e9 riz souffl\u00e9 croustillant, Chocolat noir Equatorial 55%.<\/p>\n<p><em>Casserole pure<\/em>\u00a0<em>:<\/em> Chocolat noir P\u00e9rou 80%.<\/p>\n<p><em>Cuill\u00e8re pure\u00a0:<\/em> Chocolat noir Cara\u00efbes 66%.<\/p>\n<p>&nbsp;<\/p>\n<p>A conserver \u00e0 l\u2019abris de l\u2019humidit\u00e9, 17\u00b0C, pendant 3 mois maximum.<\/p>\n<p><em>129,89\u20ac\/kg<\/em><\/p>\n","protected":false},"excerpt":{"rendered":"<p>Un assortiment r\u00e9unissant l\u2019univers du cuisinier, Toque, Casserole, Cuill\u00e8re, et celui de P\u00e2ques avec le Petit \u0152uf, en chocolat noir.<\/p>\n","protected":false},"featured_media":265,"comment_status":"closed","ping_status":"closed","template":"","meta":{"_acf_changed":false},"product_cat":[54],"product_tag":[],"class_list":{"0":"post-202","1":"product","2":"type-product","3":"status-publish","4":"has-post-thumbnail","6":"product_cat-confits-de-fruits-nature","8":"first","9":"instock","10":"shipping-taxable","11":"purchasable","12":"product-type-simple","swatches":"rey-swatches","show_selected":""},"acf":[],"_links":{"self":[{"href":"https:\/\/peaceful-morse.87-106-168-45.plesk.page\/index.php\/wp-json\/wp\/v2\/product\/202","targetHints":{"allow":["GET"]}}],"collection":[{"href":"https:\/\/peaceful-morse.87-106-168-45.plesk.page\/index.php\/wp-json\/wp\/v2\/product"}],"about":[{"href":"https:\/\/peaceful-morse.87-106-168-45.plesk.page\/index.php\/wp-json\/wp\/v2\/types\/product"}],"replies":[{"embeddable":true,"href":"https:\/\/peaceful-morse.87-106-168-45.plesk.page\/index.php\/wp-json\/wp\/v2\/comments?post=202"}],"wp:featuredmedia":[{"embeddable":true,"href":"https:\/\/peaceful-morse.87-106-168-45.plesk.page\/index.php\/wp-json\/wp\/v2\/media\/265"}],"wp:attachment":[{"href":"https:\/\/peaceful-morse.87-106-168-45.plesk.page\/index.php\/wp-json\/wp\/v2\/media?parent=202"}],"wp:term":[{"taxonomy":"product_cat","embeddable":true,"href":"https:\/\/peaceful-morse.87-106-168-45.plesk.page\/index.php\/wp-json\/wp\/v2\/product_cat?post=202"},{"taxonomy":"product_tag","embeddable":true,"href":"https:\/\/peaceful-morse.87-106-168-45.plesk.page\/index.php\/wp-json\/wp\/v2\/product_tag?post=202"}],"curies":[{"name":"wp","href":"https:\/\/api.w.org\/{rel}","templated":true}]}}