{"id":201,"date":"2026-03-04T14:37:53","date_gmt":"2026-03-04T14:37:53","guid":{"rendered":"https:\/\/peaceful-morse.87-106-168-45.plesk.page\/?post_type=product&#038;p=201"},"modified":"2026-03-04T14:38:45","modified_gmt":"2026-03-04T14:38:45","slug":"coffret-irresistibles-mignardises-toquees-lait","status":"publish","type":"product","link":"https:\/\/peaceful-morse.87-106-168-45.plesk.page\/index.php\/product\/coffret-irresistibles-mignardises-toquees-lait\/","title":{"rendered":"Coffret Irr\u00e9sistibles &#8211; Mignardises Toqu\u00e9es Lait"},"content":{"rendered":"<p><strong>Parfum :<\/strong><\/p>\n<p><em>Toque\u00a0:<\/em> Pralin\u00e9 noix de coco, chocolat au lait Bitter lact\u00e9e 39%.<\/p>\n<p><em>Petit \u0152uf dans la coque\u00a0:<\/em> pralin\u00e9 sabl\u00e9 breton, Chocolat au lait Bitter lact\u00e9e 39%.<\/p>\n<p><em>Cuill\u00e8re pure\u00a0:<\/em> Chocolat au lait Jivara 40% .<\/p>\n<p><em>Casserole pure\u00a0:<\/em> Chocolat au lait P\u00e9rou 45%.<\/p>\n<p>A conserver \u00e0 l\u2019abris de l\u2019humidit\u00e9, 17\u00b0C, pendant 3 mois maximum.<\/p>\n<p><em>129,89\u20ac\/kg<\/em><\/p>\n","protected":false},"excerpt":{"rendered":"<p>Un assortiment r\u00e9unissant l\u2019univers du cuisinier, Toque, Casserole, Cuill\u00e8re, et celui de P\u00e2ques avec le Petit \u0152uf, en chocolat au lait.<\/p>\n","protected":false},"featured_media":261,"comment_status":"closed","ping_status":"closed","template":"","meta":{"_acf_changed":false},"product_cat":[54],"product_tag":[],"class_list":{"0":"post-201","1":"product","2":"type-product","3":"status-publish","4":"has-post-thumbnail","6":"product_cat-confits-de-fruits-nature","8":"first","9":"outofstock","10":"shipping-taxable","11":"purchasable","12":"product-type-simple","swatches":"rey-swatches","show_selected":""},"acf":[],"_links":{"self":[{"href":"https:\/\/peaceful-morse.87-106-168-45.plesk.page\/index.php\/wp-json\/wp\/v2\/product\/201","targetHints":{"allow":["GET"]}}],"collection":[{"href":"https:\/\/peaceful-morse.87-106-168-45.plesk.page\/index.php\/wp-json\/wp\/v2\/product"}],"about":[{"href":"https:\/\/peaceful-morse.87-106-168-45.plesk.page\/index.php\/wp-json\/wp\/v2\/types\/product"}],"replies":[{"embeddable":true,"href":"https:\/\/peaceful-morse.87-106-168-45.plesk.page\/index.php\/wp-json\/wp\/v2\/comments?post=201"}],"wp:featuredmedia":[{"embeddable":true,"href":"https:\/\/peaceful-morse.87-106-168-45.plesk.page\/index.php\/wp-json\/wp\/v2\/media\/261"}],"wp:attachment":[{"href":"https:\/\/peaceful-morse.87-106-168-45.plesk.page\/index.php\/wp-json\/wp\/v2\/media?parent=201"}],"wp:term":[{"taxonomy":"product_cat","embeddable":true,"href":"https:\/\/peaceful-morse.87-106-168-45.plesk.page\/index.php\/wp-json\/wp\/v2\/product_cat?post=201"},{"taxonomy":"product_tag","embeddable":true,"href":"https:\/\/peaceful-morse.87-106-168-45.plesk.page\/index.php\/wp-json\/wp\/v2\/product_tag?post=201"}],"curies":[{"name":"wp","href":"https:\/\/api.w.org\/{rel}","templated":true}]}}