{"id":195,"date":"2026-03-04T14:37:53","date_gmt":"2026-03-04T14:37:53","guid":{"rendered":"https:\/\/peaceful-morse.87-106-168-45.plesk.page\/?post_type=product&#038;p=195"},"modified":"2026-03-04T14:38:21","modified_gmt":"2026-03-04T14:38:21","slug":"loeuf-a-la-toque-jaune","status":"publish","type":"product","link":"https:\/\/peaceful-morse.87-106-168-45.plesk.page\/index.php\/product\/loeuf-a-la-toque-jaune\/","title":{"rendered":"L&rsquo;\u0152uf \u00e0 la Toque &#8211;  jaune"},"content":{"rendered":"<p><strong>Parfum : <\/strong>Chocolat Lait 39%, pralin\u00e9 Gianduja noisettes d\u2019Italie et \u00e9clats de noisettes sabl\u00e9es.<\/p>\n<p>A conserver \u00e0 l\u2019abris de l\u2019humidit\u00e9, 17\u00b0C, pendant 3 mois maximum.<\/p>\n<p><em>135,42\u20ac\/kg\u00a0<\/em><\/p>\n","protected":false},"excerpt":{"rendered":"<p>Indissociables de P\u00e2ques, les \u0153ufs en chocolat se r\u00e9inventent cette ann\u00e9e sous l\u2019impulsion cr\u00e9ative du Chef Yannick All\u00e9no.<\/p>\n<p>Pour la premi\u00e8re fois, le Chef propose six nouvelles saveurs, m\u00ealant jeux de textures et de couleurs.<\/p>\n","protected":false},"featured_media":242,"comment_status":"closed","ping_status":"closed","template":"","meta":{"_acf_changed":false},"product_cat":[55],"product_tag":[],"class_list":{"0":"post-195","1":"product","2":"type-product","3":"status-publish","4":"has-post-thumbnail","6":"product_cat-collection-de-paques","8":"first","9":"outofstock","10":"shipping-taxable","11":"purchasable","12":"product-type-simple","swatches":"rey-swatches","show_selected":""},"acf":[],"_links":{"self":[{"href":"https:\/\/peaceful-morse.87-106-168-45.plesk.page\/index.php\/wp-json\/wp\/v2\/product\/195","targetHints":{"allow":["GET"]}}],"collection":[{"href":"https:\/\/peaceful-morse.87-106-168-45.plesk.page\/index.php\/wp-json\/wp\/v2\/product"}],"about":[{"href":"https:\/\/peaceful-morse.87-106-168-45.plesk.page\/index.php\/wp-json\/wp\/v2\/types\/product"}],"replies":[{"embeddable":true,"href":"https:\/\/peaceful-morse.87-106-168-45.plesk.page\/index.php\/wp-json\/wp\/v2\/comments?post=195"}],"wp:featuredmedia":[{"embeddable":true,"href":"https:\/\/peaceful-morse.87-106-168-45.plesk.page\/index.php\/wp-json\/wp\/v2\/media\/242"}],"wp:attachment":[{"href":"https:\/\/peaceful-morse.87-106-168-45.plesk.page\/index.php\/wp-json\/wp\/v2\/media?parent=195"}],"wp:term":[{"taxonomy":"product_cat","embeddable":true,"href":"https:\/\/peaceful-morse.87-106-168-45.plesk.page\/index.php\/wp-json\/wp\/v2\/product_cat?post=195"},{"taxonomy":"product_tag","embeddable":true,"href":"https:\/\/peaceful-morse.87-106-168-45.plesk.page\/index.php\/wp-json\/wp\/v2\/product_tag?post=195"}],"curies":[{"name":"wp","href":"https:\/\/api.w.org\/{rel}","templated":true}]}}