{"id":193,"date":"2026-03-04T14:37:52","date_gmt":"2026-03-04T14:37:52","guid":{"rendered":"https:\/\/peaceful-morse.87-106-168-45.plesk.page\/?post_type=product&#038;p=193"},"modified":"2026-03-04T14:38:12","modified_gmt":"2026-03-04T14:38:12","slug":"loeuf-toque","status":"publish","type":"product","link":"https:\/\/peaceful-morse.87-106-168-45.plesk.page\/index.php\/product\/loeuf-toque\/","title":{"rendered":"L&rsquo;\u0152uf Toqu\u00e9"},"content":{"rendered":"<p><strong>Parfum\u00a0:<\/strong><\/p>\n<p>Socle\u00a0: Mendiants Pistaches d\u2019Iran.<\/p>\n<p>L\u2019\u0153uf\u00a0: Pralin\u00e9 Pistache sal\u00e9e de Sicile, pistaches enti\u00e8res grill\u00e9es et sabl\u00e9es.<\/p>\n<p>Toque\u00a0: Poudre de pistache de Sicile.<\/p>\n<p>&nbsp;<\/p>\n<p>A conserver \u00e0 l\u2019abris de l\u2019humidit\u00e9, 17\u00b0C, pendant 3 mois maximum.<\/p>\n<p><em>111,11\u20ac\/kg<\/em><\/p>\n","protected":false},"excerpt":{"rendered":"<p>Hommage ludique et gourmand au Chef Yannick All\u00e9no, cet \u0152uf est coiff\u00e9 d\u2019une toque amovible et v\u00eatu de sa veste de cuisinier. Une cr\u00e9ation embl\u00e9matique qui inscrit<br \/>\npleinement le chocolat dans l\u2019univers de la cuisine \u00e9toil\u00e9e.<\/p>\n<p>Sous son allure iconique, il r\u00e9v\u00e8le un chocolat noir 55 % d\u2019\u00c9quateur, associ\u00e9 \u00e0 un duo de pistaches sourc\u00e9es en Iran et en Sicile<\/p>\n","protected":false},"featured_media":229,"comment_status":"closed","ping_status":"closed","template":"","meta":{"_acf_changed":false},"product_cat":[55],"product_tag":[],"class_list":{"0":"post-193","1":"product","2":"type-product","3":"status-publish","4":"has-post-thumbnail","6":"product_cat-collection-de-paques","8":"first","9":"instock","10":"shipping-taxable","11":"product-type-external","swatches":"rey-swatches","show_selected":""},"acf":[],"_links":{"self":[{"href":"https:\/\/peaceful-morse.87-106-168-45.plesk.page\/index.php\/wp-json\/wp\/v2\/product\/193","targetHints":{"allow":["GET"]}}],"collection":[{"href":"https:\/\/peaceful-morse.87-106-168-45.plesk.page\/index.php\/wp-json\/wp\/v2\/product"}],"about":[{"href":"https:\/\/peaceful-morse.87-106-168-45.plesk.page\/index.php\/wp-json\/wp\/v2\/types\/product"}],"replies":[{"embeddable":true,"href":"https:\/\/peaceful-morse.87-106-168-45.plesk.page\/index.php\/wp-json\/wp\/v2\/comments?post=193"}],"wp:featuredmedia":[{"embeddable":true,"href":"https:\/\/peaceful-morse.87-106-168-45.plesk.page\/index.php\/wp-json\/wp\/v2\/media\/229"}],"wp:attachment":[{"href":"https:\/\/peaceful-morse.87-106-168-45.plesk.page\/index.php\/wp-json\/wp\/v2\/media?parent=193"}],"wp:term":[{"taxonomy":"product_cat","embeddable":true,"href":"https:\/\/peaceful-morse.87-106-168-45.plesk.page\/index.php\/wp-json\/wp\/v2\/product_cat?post=193"},{"taxonomy":"product_tag","embeddable":true,"href":"https:\/\/peaceful-morse.87-106-168-45.plesk.page\/index.php\/wp-json\/wp\/v2\/product_tag?post=193"}],"curies":[{"name":"wp","href":"https:\/\/api.w.org\/{rel}","templated":true}]}}