{"id":192,"date":"2026-03-04T14:37:52","date_gmt":"2026-03-04T14:37:52","guid":{"rendered":"https:\/\/peaceful-morse.87-106-168-45.plesk.page\/?post_type=product&#038;p=192"},"modified":"2026-03-04T14:38:10","modified_gmt":"2026-03-04T14:38:10","slug":"la-toque-or","status":"publish","type":"product","link":"https:\/\/peaceful-morse.87-106-168-45.plesk.page\/index.php\/product\/la-toque-or\/","title":{"rendered":"La Toque &#8211; Or"},"content":{"rendered":"<p><strong>Parfum : <\/strong>Chocolat au lait 39%, Pralin\u00e9 \u00e0 l\u2019orge grill\u00e9.<\/p>\n<p>&nbsp;<\/p>\n<p>A conserver \u00e0 l\u2019abris de l\u2019humidit\u00e9, 17\u00b0C, pendant 3 mois.<\/p>\n<p>141,82\u20ac\/kg<\/p>\n<p>&nbsp;<\/p>\n","protected":false},"excerpt":{"rendered":"<p>Enti\u00e8rement fa\u00e7onn\u00e9e en chocolat, La Toque renferme des mignardises en profusion et s\u2019impose comme une pi\u00e8ce centrale de la collection.<br \/>\nInspir\u00e9e de l\u2019univers du Chef Yannick All\u00e9no, elle traduit une approche culinaire du chocolat, o\u00f9 la forme dialogue avec les couleurs et les go\u00fbts.<\/p>\n<p>&nbsp;<\/p>\n","protected":false},"featured_media":226,"comment_status":"closed","ping_status":"closed","template":"","meta":{"_acf_changed":false},"product_cat":[55],"product_tag":[],"class_list":{"0":"post-192","1":"product","2":"type-product","3":"status-publish","4":"has-post-thumbnail","6":"product_cat-collection-de-paques","8":"first","9":"instock","10":"shipping-taxable","11":"product-type-external","swatches":"rey-swatches","show_selected":""},"acf":[],"_links":{"self":[{"href":"https:\/\/peaceful-morse.87-106-168-45.plesk.page\/index.php\/wp-json\/wp\/v2\/product\/192","targetHints":{"allow":["GET"]}}],"collection":[{"href":"https:\/\/peaceful-morse.87-106-168-45.plesk.page\/index.php\/wp-json\/wp\/v2\/product"}],"about":[{"href":"https:\/\/peaceful-morse.87-106-168-45.plesk.page\/index.php\/wp-json\/wp\/v2\/types\/product"}],"replies":[{"embeddable":true,"href":"https:\/\/peaceful-morse.87-106-168-45.plesk.page\/index.php\/wp-json\/wp\/v2\/comments?post=192"}],"wp:featuredmedia":[{"embeddable":true,"href":"https:\/\/peaceful-morse.87-106-168-45.plesk.page\/index.php\/wp-json\/wp\/v2\/media\/226"}],"wp:attachment":[{"href":"https:\/\/peaceful-morse.87-106-168-45.plesk.page\/index.php\/wp-json\/wp\/v2\/media?parent=192"}],"wp:term":[{"taxonomy":"product_cat","embeddable":true,"href":"https:\/\/peaceful-morse.87-106-168-45.plesk.page\/index.php\/wp-json\/wp\/v2\/product_cat?post=192"},{"taxonomy":"product_tag","embeddable":true,"href":"https:\/\/peaceful-morse.87-106-168-45.plesk.page\/index.php\/wp-json\/wp\/v2\/product_tag?post=192"}],"curies":[{"name":"wp","href":"https:\/\/api.w.org\/{rel}","templated":true}]}}