{"id":191,"date":"2026-03-04T14:37:52","date_gmt":"2026-03-04T14:37:52","guid":{"rendered":"https:\/\/peaceful-morse.87-106-168-45.plesk.page\/?post_type=product&#038;p=191"},"modified":"2026-03-04T14:38:05","modified_gmt":"2026-03-04T14:38:05","slug":"la-toque-lait","status":"publish","type":"product","link":"https:\/\/peaceful-morse.87-106-168-45.plesk.page\/index.php\/product\/la-toque-lait\/","title":{"rendered":"La Toque Lait"},"content":{"rendered":"<p><strong>Parfum\u00a0:<\/strong>\u00a0Chocolat lait 39%, Pralin\u00e9 Gianduja Noisettes d\u2019Italie.<\/p>\n<p>&nbsp;<\/p>\n<p>A conserver \u00e0 l\u2019abris de l\u2019humidit\u00e9, 17\u00b0C, pendant 3 mois.<\/p>\n<p>141,82\u20ac\/kg<\/p>\n<p>&nbsp;<\/p>\n","protected":false},"excerpt":{"rendered":"<p>Enti\u00e8rement fa\u00e7onn\u00e9e en chocolat, La Toque renferme des mignardises en profusion et s\u2019impose comme une pi\u00e8ce centrale de la collection.<br \/>\nInspir\u00e9e de l\u2019univers du Chef Yannick All\u00e9no, elle traduit une approche culinaire du chocolat, o\u00f9 la forme dialogue avec les couleurs et les go\u00fbts.<\/p>\n<p>&nbsp;<\/p>\n","protected":false},"featured_media":223,"comment_status":"closed","ping_status":"closed","template":"","meta":{"_acf_changed":false},"product_cat":[54],"product_tag":[],"class_list":{"0":"post-191","1":"product","2":"type-product","3":"status-publish","4":"has-post-thumbnail","6":"product_cat-confits-de-fruits-nature","8":"first","9":"outofstock","10":"shipping-taxable","11":"purchasable","12":"product-type-simple","swatches":"rey-swatches","show_selected":""},"acf":[],"_links":{"self":[{"href":"https:\/\/peaceful-morse.87-106-168-45.plesk.page\/index.php\/wp-json\/wp\/v2\/product\/191","targetHints":{"allow":["GET"]}}],"collection":[{"href":"https:\/\/peaceful-morse.87-106-168-45.plesk.page\/index.php\/wp-json\/wp\/v2\/product"}],"about":[{"href":"https:\/\/peaceful-morse.87-106-168-45.plesk.page\/index.php\/wp-json\/wp\/v2\/types\/product"}],"replies":[{"embeddable":true,"href":"https:\/\/peaceful-morse.87-106-168-45.plesk.page\/index.php\/wp-json\/wp\/v2\/comments?post=191"}],"wp:featuredmedia":[{"embeddable":true,"href":"https:\/\/peaceful-morse.87-106-168-45.plesk.page\/index.php\/wp-json\/wp\/v2\/media\/223"}],"wp:attachment":[{"href":"https:\/\/peaceful-morse.87-106-168-45.plesk.page\/index.php\/wp-json\/wp\/v2\/media?parent=191"}],"wp:term":[{"taxonomy":"product_cat","embeddable":true,"href":"https:\/\/peaceful-morse.87-106-168-45.plesk.page\/index.php\/wp-json\/wp\/v2\/product_cat?post=191"},{"taxonomy":"product_tag","embeddable":true,"href":"https:\/\/peaceful-morse.87-106-168-45.plesk.page\/index.php\/wp-json\/wp\/v2\/product_tag?post=191"}],"curies":[{"name":"wp","href":"https:\/\/api.w.org\/{rel}","templated":true}]}}